{"id":3178,"date":"2022-08-18T17:52:46","date_gmt":"2022-08-18T17:52:46","guid":{"rendered":"https:\/\/misteriodeobanos.org\/alquiler-vestuario\/"},"modified":"2022-11-18T09:48:08","modified_gmt":"2022-11-18T09:48:08","slug":"location-de-costumes","status":"publish","type":"page","link":"https:\/\/misteriodeobanos.org\/fr\/location-de-costumes\/","title":{"rendered":"LOCATION"},"content":{"rendered":"<div class=\"wpb-content-wrapper\"><p>[vc_row][vc_column]<div class=\"tm-element-heading-wrapper tm-heading-inner tm-element-align-left tm-seperator-none tm-heading-style-vertical \"><section class=\"tm-vc_cta3-container\"><div class=\"tm-vc_general tm-vc_cta3 tm-cta3-only tm-vc_cta3-style-classic tm-vc_cta3-shape-rounded tm-vc_cta3-align-left tm-vc_cta3-color-transparent tm-vc_cta3-icon-size-md tm-vc_cta3-actions-no tm-cta3-with-desc\"><div class=\"tm-vc_cta3_content-container\"><div class=\"tm-vc_cta3-content\"><header class=\"tm-vc_cta3-content-header tm-wrap\"><div class=\"tm-vc_cta3-headers tm-wrap-cell\"><h4 class=\"tm-custom-heading \" >Il s'agit de plus de 1000 costumes<\/h4>\n<h2 class=\"tm-custom-heading \" >NOUS LOUONS NOTRE GARDE-ROBE<\/h2>\n<\/div><div class=\"heading-seperator\"><span><\/span><\/div><\/header><div class=\"tm-cta3-content-wrapper\"><p>Si vous souhaitez louer nos costumes d&rsquo;\u00e9poque, nos accessoires et nos accessoires, nous disposons de plus de 1000 tenues pour r\u00e9pondre \u00e0 vos besoins.\u00a0 Vous pouvez nous contacter via notre<a href=\"https:\/\/misteriodeobanos.org\/fr\/contact\/\"><span style=\"color: #ff0000;\"> formulaire de contact<\/span> <\/a>et nous vous donnerons plus d&rsquo;informations.<\/p><\/div><\/div><\/div><\/div><\/section><\/div> <!-- .tm-element-heading-wrapper container --> [\/vc_column][\/vc_row][vc_row][vc_column][vc_single_image image=\u00a0\u00bb3166&Prime; img_size=\u00a0\u00bblarge\u00a0\u00bb alignment=\u00a0\u00bbcenter\u00a0\u00bb][vc_single_image image=\u00a0\u00bb3171&Prime; img_size=\u00a0\u00bblarge\u00a0\u00bb alignment=\u00a0\u00bbcenter\u00a0\u00bb][\/vc_column][\/vc_row][vc_row h2=\u00a0\u00bbPuedes ver nuestro vestuario desde aqu\u00ed.\u00a0\u00bb use_custom_fonts_h2=\u00a0\u00bbtrue\u00a0\u00bb h2_font_container=\u00a0\u00bbtag:h3|text_align:center\u00a0\u00bb h2_use_theme_fonts=\u00a0\u00bb\u00a0\u00bb h2_google_fonts=\u00a0\u00bbfont_family:Roboto%3A100%2C100italic%2C300%2C300italic%2Cregular%2Citalic%2C500%2C500italic%2C700%2C700italic%2C900%2C900italic|font_style:400%20regular%3A400%3Anormal\u00a0\u00bb h2_css_animation=\u00a0\u00bb\u00a0\u00bb h4=\u00a0\u00bb\u00a0\u00bb use_custom_fonts_h4=\u00a0\u00bb\u00a0\u00bb h4_font_container=\u00a0\u00bbtag:h4|text_align:left\u00a0\u00bb h4_use_theme_fonts=\u00a0\u00bb\u00a0\u00bb h4_google_fonts=\u00a0\u00bbfont_family:Abril%20Fatface%3Aregular|font_style:400%20regular%3A400%3Anormal\u00a0\u00bb h4_css_animation=\u00a0\u00bb\u00a0\u00bb txt_align=\u00a0\u00bbcenter\u00a0\u00bb shape=\u00a0\u00bbrounded\u00a0\u00bb style=\u00a0\u00bbclassic\u00a0\u00bb color=\u00a0\u00bbclassic\u00a0\u00bb el_width=\u00a0\u00bb\u00a0\u00bb add_button=\u00a0\u00bbright\u00a0\u00bb btn_title=\u00a0\u00bbVestuario\u00a0\u00bb btn_style=\u00a0\u00bbmodern\u00a0\u00bb btn_gradient_color_1=\u00a0\u00bbturquoise\u00a0\u00bb btn_gradient_color_2=\u00a0\u00bbblue\u00a0\u00bb btn_gradient_custom_color_1=\u00a0\u00bb#dd3333&Prime; btn_gradient_custom_color_2=\u00a0\u00bb#eeee22&Prime; btn_gradient_text_color=\u00a0\u00bb#ffffff\u00a0\u00bb btn_custom_background=\u00a0\u00bb#ededed\u00a0\u00bb btn_custom_text=\u00a0\u00bb#666&Prime; btn_outline_custom_color=\u00a0\u00bb#666&Prime; btn_outline_custom_hover_background=\u00a0\u00bb#666&Prime; btn_outline_custom_hover_text=\u00a0\u00bb#fff\u00a0\u00bb btn_shape=\u00a0\u00bbrounded\u00a0\u00bb btn_color=\u00a0\u00bbjuicy-pink\u00a0\u00bb btn_size=\u00a0\u00bbmd\u00a0\u00bb btn_align=\u00a0\u00bbinline\u00a0\u00bb btn_button_block=\u00a0\u00bb\u00a0\u00bb btn_add_icon=\u00a0\u00bb\u00a0\u00bb btn_i_align=\u00a0\u00bbleft\u00a0\u00bb btn_i_type=\u00a0\u00bbfontawesome\u00a0\u00bb btn_i_icon_fontawesome=\u00a0\u00bbfas fa-adjust\u00a0\u00bb btn_i_icon_openiconic=\u00a0\u00bbvc-oi vc-oi-dial\u00a0\u00bb btn_i_icon_typicons=\u00a0\u00bbtypcn typcn-adjust-brightness\u00a0\u00bb btn_i_icon_entypo=\u00a0\u00bbentypo-icon entypo-icon-note\u00a0\u00bb btn_i_icon_linecons=\u00a0\u00bbvc_li vc_li-heart\u00a0\u00bb btn_i_icon_monosocial=\u00a0\u00bbvc-mono vc-mono-fivehundredpx\u00a0\u00bb btn_i_icon_material=\u00a0\u00bbvc-material vc-material-cake\u00a0\u00bb btn_i_icon_pixelicons=\u00a0\u00bbvc_pixel_icon vc_pixel_icon-alert\u00a0\u00bb btn_css_animation=\u00a0\u00bb\u00a0\u00bb btn_custom_onclick=\u00a0\u00bb\u00a0\u00bb add_icon=\u00a0\u00bb\u00a0\u00bb i_on_border=\u00a0\u00bb\u00a0\u00bb i_type=\u00a0\u00bbfontawesome\u00a0\u00bb i_icon_fontawesome=\u00a0\u00bbfas fa-adjust\u00a0\u00bb i_icon_openiconic=\u00a0\u00bbvc-oi vc-oi-dial\u00a0\u00bb i_icon_typicons=\u00a0\u00bbtypcn typcn-adjust-brightness\u00a0\u00bb i_icon_entypo=\u00a0\u00bbentypo-icon entypo-icon-note\u00a0\u00bb i_icon_linecons=\u00a0\u00bbvc_li vc_li-heart\u00a0\u00bb i_icon_monosocial=\u00a0\u00bbvc-mono vc-mono-fivehundredpx\u00a0\u00bb i_icon_material=\u00a0\u00bbvc-material vc-material-cake\u00a0\u00bb i_color=\u00a0\u00bbblue\u00a0\u00bb i_background_style=\u00a0\u00bb\u00a0\u00bb i_background_color=\u00a0\u00bbgrey\u00a0\u00bb i_size=\u00a0\u00bbmd\u00a0\u00bb i_css_animation=\u00a0\u00bb\u00a0\u00bb btn_link=\u00a0\u00bburl:https%3A%2F%2Fvestuario.misteriodeobanos.org%2F|target:_blank\u00a0\u00bb h2_link=\u00a0\u00bb\u00a0\u00bb h2_el_id=\u00a0\u00bb\u00a0\u00bb h2_el_class=\u00a0\u00bb\u00a0\u00bb h4_link=\u00a0\u00bb\u00a0\u00bb h4_el_id=\u00a0\u00bb\u00a0\u00bb h4_el_class=\u00a0\u00bb\u00a0\u00bb custom_background=\u00a0\u00bb\u00a0\u00bb custom_text=\u00a0\u00bb\u00a0\u00bb btn_el_id=\u00a0\u00bb\u00a0\u00bb btn_el_class=\u00a0\u00bb\u00a0\u00bb btn_custom_onclick_code=\u00a0\u00bb\u00a0\u00bb i_custom_color=\u00a0\u00bb\u00a0\u00bb i_custom_background_color=\u00a0\u00bb\u00a0\u00bb i_link=\u00a0\u00bb\u00a0\u00bb i_el_id=\u00a0\u00bb\u00a0\u00bb i_el_class=\u00a0\u00bb\u00a0\u00bb][vc_column][vc_cta h2=\u00a0\u00bbVous pouvez voir notre garde-robe ici.\u00a0\u00bb h2_font_container=\u00a0\u00bbtag:h3|text_align:center\u00a0\u00bb h2_google_fonts=\u00a0\u00bbfont_family:Roboto%3A100%2C100italic%2C300%2C300italic%2Cregular%2Citalic%2C500%2C500italic%2C700%2C700italic%2C900%2C900italic|font_style:400%20regular%3A400%3Anormal\u00a0\u00bb txt_align=\u00a0\u00bbcenter\u00a0\u00bb add_button=\u00a0\u00bbright\u00a0\u00bb btn_title=\u00a0\u00bbCostumes\u00a0\u00bb btn_color=\u00a0\u00bbjuicy-pink\u00a0\u00bb use_custom_fonts_h2=\u00a0\u00bbtrue\u00a0\u00bb btn_link=\u00a0\u00bburl:https%3A%2F%2Fvestuario.misteriodeobanos.org%2F|target:_blank\u00a0\u00bb][\/vc_cta][\/vc_column][\/vc_row]<\/p>\n<\/div>","protected":false},"excerpt":{"rendered":"<p>[vc_row][vc_column][\/vc_column][\/vc_row][vc_row][vc_column][vc_single_image image=\u00a0\u00bb3166&Prime; img_size=\u00a0\u00bblarge\u00a0\u00bb alignment=\u00a0\u00bbcenter\u00a0\u00bb][vc_single_image image=\u00a0\u00bb3171&Prime; img_size=\u00a0\u00bblarge\u00a0\u00bb alignment=\u00a0\u00bbcenter\u00a0\u00bb][\/vc_column][\/vc_row][vc_row h2=\u00a0\u00bbPuedes ver nuestro vestuario desde aqu\u00ed.\u00a0\u00bb use_custom_fonts_h2=\u00a0\u00bbtrue\u00a0\u00bb h2_font_container=\u00a0\u00bbtag:h3|text_align:center\u00a0\u00bb h2_use_theme_fonts=\u00a0\u00bb\u00a0\u00bb h2_google_fonts=\u00a0\u00bbfont_family:Roboto%3A100%2C100italic%2C300%2C300italic%2Cregular%2Citalic%2C500%2C500italic%2C700%2C700italic%2C900%2C900italic|font_style:400%20regular%3A400%3Anormal\u00a0\u00bb h2_css_animation=\u00a0\u00bb\u00a0\u00bb h4=\u00a0\u00bb\u00a0\u00bb use_custom_fonts_h4=\u00a0\u00bb\u00a0\u00bb h4_font_container=\u00a0\u00bbtag:h4|text_align:left\u00a0\u00bb h4_use_theme_fonts=\u00a0\u00bb\u00a0\u00bb h4_google_fonts=\u00a0\u00bbfont_family:Abril%20Fatface%3Aregular|font_style:400%20regular%3A400%3Anormal\u00a0\u00bb h4_css_animation=\u00a0\u00bb\u00a0\u00bb txt_align=\u00a0\u00bbcenter\u00a0\u00bb shape=\u00a0\u00bbrounded\u00a0\u00bb style=\u00a0\u00bbclassic\u00a0\u00bb color=\u00a0\u00bbclassic\u00a0\u00bb el_width=\u00a0\u00bb\u00a0\u00bb add_button=\u00a0\u00bbright\u00a0\u00bb btn_title=\u00a0\u00bbVestuario\u00a0\u00bb btn_style=\u00a0\u00bbmodern\u00a0\u00bb btn_gradient_color_1=\u00a0\u00bbturquoise\u00a0\u00bb btn_gradient_color_2=\u00a0\u00bbblue\u00a0\u00bb btn_gradient_custom_color_1=\u00a0\u00bb#dd3333&Prime; btn_gradient_custom_color_2=\u00a0\u00bb#eeee22&Prime; btn_gradient_text_color=\u00a0\u00bb#ffffff\u00a0\u00bb btn_custom_background=\u00a0\u00bb#ededed\u00a0\u00bb btn_custom_text=\u00a0\u00bb#666&Prime; btn_outline_custom_color=\u00a0\u00bb#666&Prime; btn_outline_custom_hover_background=\u00a0\u00bb#666&Prime; btn_outline_custom_hover_text=\u00a0\u00bb#fff\u00a0\u00bb btn_shape=\u00a0\u00bbrounded\u00a0\u00bb btn_color=\u00a0\u00bbjuicy-pink\u00a0\u00bb btn_size=\u00a0\u00bbmd\u00a0\u00bb btn_align=\u00a0\u00bbinline\u00a0\u00bb btn_button_block=\u00a0\u00bb\u00a0\u00bb btn_add_icon=\u00a0\u00bb\u00a0\u00bb btn_i_align=\u00a0\u00bbleft\u00a0\u00bb btn_i_type=\u00a0\u00bbfontawesome\u00a0\u00bb btn_i_icon_fontawesome=\u00a0\u00bbfas fa-adjust\u00a0\u00bb btn_i_icon_openiconic=\u00a0\u00bbvc-oi vc-oi-dial\u00a0\u00bb btn_i_icon_typicons=\u00a0\u00bbtypcn &hellip; <a href=\"https:\/\/misteriodeobanos.org\/fr\/location-de-costumes\/\" class=\"more-link\">Continue reading <span class=\"screen-reader-text\">LOCATION<\/span><\/a><\/p>\n","protected":false},"author":1,"featured_media":0,"parent":0,"menu_order":0,"comment_status":"closed","ping_status":"closed","template":"","meta":{"rs_blank_template":"","rs_page_bg_color":"","slide_template_v7":"","_monsterinsights_skip_tracking":false,"_monsterinsights_sitenote_active":false,"_monsterinsights_sitenote_note":"","_monsterinsights_sitenote_category":0,"footnotes":""},"class_list":["post-3178","page","type-page","status-publish","hentry"],"_links":{"self":[{"href":"https:\/\/misteriodeobanos.org\/fr\/wp-json\/wp\/v2\/pages\/3178","targetHints":{"allow":["GET"]}}],"collection":[{"href":"https:\/\/misteriodeobanos.org\/fr\/wp-json\/wp\/v2\/pages"}],"about":[{"href":"https:\/\/misteriodeobanos.org\/fr\/wp-json\/wp\/v2\/types\/page"}],"author":[{"embeddable":true,"href":"https:\/\/misteriodeobanos.org\/fr\/wp-json\/wp\/v2\/users\/1"}],"replies":[{"embeddable":true,"href":"https:\/\/misteriodeobanos.org\/fr\/wp-json\/wp\/v2\/comments?post=3178"}],"version-history":[{"count":3,"href":"https:\/\/misteriodeobanos.org\/fr\/wp-json\/wp\/v2\/pages\/3178\/revisions"}],"predecessor-version":[{"id":3571,"href":"https:\/\/misteriodeobanos.org\/fr\/wp-json\/wp\/v2\/pages\/3178\/revisions\/3571"}],"wp:attachment":[{"href":"https:\/\/misteriodeobanos.org\/fr\/wp-json\/wp\/v2\/media?parent=3178"}],"curies":[{"name":"wp","href":"https:\/\/api.w.org\/{rel}","templated":true}]}}