{"id":2846,"date":"2022-05-30T16:45:36","date_gmt":"2022-05-30T16:45:36","guid":{"rendered":"https:\/\/misteriodeobanos.org\/mystery\/santos-beguiristain\/"},"modified":"2023-06-12T10:24:42","modified_gmt":"2023-06-12T10:24:42","slug":"santos-beguiristain","status":"publish","type":"page","link":"https:\/\/misteriodeobanos.org\/fr\/mystery\/santos-beguiristain\/","title":{"rendered":"SANTOS BEGUIRIST\u00c1IN"},"content":{"rendered":"<div class=\"wpb-content-wrapper\"><p>[vc_row tm_bgimagefixed=\u00a0\u00bb\u00a0\u00bb break_in_responsive=\u00a0\u00bb991&Prime; full_width=\u00a0\u00bbstretch_row\u00a0\u00bb tm_responsive_css=\u00a0\u00bb41793898|colbreak_no|||||||||colbreak_no|||||50px||25px||colbreak_no||||||||||colbreak_no|||||||||\u00a0\u00bb css=\u00a0\u00bb.vc_custom_1615897508115{padding-top: 90px !important;padding-bottom: 53px !important;}\u00a0\u00bb][vc_column width=\u00a0\u00bb1\/2&Prime; el_class=\u00a0\u00bbtm-heading-rotate\u00a0\u00bb][vc_single_image image=\u00a0\u00bb4059&Prime; img_size=\u00a0\u00bbfull\u00a0\u00bb]<h4 style=\"text-align:left;font-size:16px;line-height:26px;\" class=\"tm-custom-heading \" >SANTOS BEGUIRIST\u00c1IN<\/h4>\n[\/vc_column][vc_column width=\u00a0\u00bb1\/2&Prime;]<div class=\"tm-element-heading-wrapper tm-heading-inner tm-element-align-left tm-seperator-none tm-heading-style-vertical \"><section class=\"tm-vc_cta3-container\"><div class=\"tm-vc_general tm-vc_cta3 tm-cta3-only tm-vc_cta3-style-classic tm-vc_cta3-shape-rounded tm-vc_cta3-align-left tm-vc_cta3-color-transparent tm-vc_cta3-icon-size-md tm-vc_cta3-actions-no tm-cta3-with-desc\"><div class=\"tm-vc_cta3_content-container\"><div class=\"tm-vc_cta3-content\"><header class=\"tm-vc_cta3-content-header tm-wrap\"><div class=\"tm-vc_cta3-headers tm-wrap-cell\"><h4 class=\"tm-custom-heading \" >LE PR\u00c9CURSEUR<\/h4>\n<h2 class=\"tm-custom-heading \" >SANTOS <b>BEGUIRIST\u00c1IN<\/b><\/h2>\n<\/div><div class=\"heading-seperator\"><span><\/span><\/div><\/header><div class=\"tm-cta3-content-wrapper\"><p>Son principal mentor, le pr\u00eatre d&rsquo;Obanos Don Santos Beguirist\u00e1in, a \u00e9crit le texte initial avec le titre \u00ab\u00a0Sur le martyre de Sainte Felicia et la p\u00e9nitence de Saint Guill\u00e9n\u00a0\u00bb et il a \u00e9t\u00e9 lu le mercredi 25 avril 1962, la veille de la f\u00eate de Saint Guillermo, par les enfants d&rsquo;Obanos sur la place du village \u00e0 dix heures du soir \u00ab\u00a0autour du feu du saint\u00a0\u00bb. Les chroniques locales indiquent qu&rsquo;elle a \u00e9t\u00e9 bien suivie par les villageois, qui avaient \u00e9t\u00e9 avis\u00e9s par proclamation de venir \u00ab\u00a0avec un souper et sans h\u00e2te\u00a0\u00bb.<\/p><\/div><\/div><\/div><\/div><\/section><\/div> <!-- .tm-element-heading-wrapper container --> [vc_row_inner][vc_column_inner][vc_column_text]<\/p>\n<blockquote><p>Le succ\u00e8s de cette premi\u00e8re repr\u00e9sentation populaire a conduit en 1965 \u00e0 la construction d&rsquo;un texte, en vers alexandrins, qui reprend la l\u00e9gende m\u00e9di\u00e9vale et y int\u00e8gre les traditions et les personnages du Camino de Santiago.<\/p><\/blockquote>\n<p>Le p\u00e8re Santos Beguirist\u00e1in a l&rsquo;honneur d&rsquo;avoir \u00e9t\u00e9 l&rsquo;\u00e2me, le c\u0153ur et la vie du retable sc\u00e9nique \u00ab\u00a0Misterio de Obanos\u00a0\u00bb, \u00e0 l&rsquo;atmosph\u00e8re m\u00e9di\u00e9vale et qui a pour toile de fond tout le contenu vital de ce que signifiait le chemin de Saint-Jacques pour les hommes et les femmes du Moyen \u00c2ge.[\/vc_column_text][\/vc_column_inner][\/vc_row_inner][vc_row_inner css=\u00a0\u00bb.vc_custom_1615272433162{padding-top: 7px !important;}\u00a0\u00bb][vc_column_inner][vc_separator color=\u00a0\u00bbcustom\u00a0\u00bb accent_color=\u00a0\u00bb#f3f3f3&Prime; css=\u00a0\u00bb.vc_custom_1615654939153{margin-bottom: 31px !important;}\u00a0\u00bb][\/vc_column_inner][\/vc_row_inner][vc_row_inner el_class=\u00a0\u00bbtm-custome-icon-style2&Prime;][vc_column_inner][vc_column_text]N\u00e9 en Argentine en 1908, Santos Beguirist\u00e1in est retourn\u00e9 \u00e0 Obanos avec ses parents \u00e0 l&rsquo;\u00e2ge de quatre ans pour poursuivre ses \u00e9tudes \u00e0 Lec\u00e1roz et est entr\u00e9 au s\u00e9minaire conciliaire de Pampelune en 1924. \u00c0 l&rsquo;\u00e2ge de 18 ans, et gr\u00e2ce \u00e0 une bourse du dioc\u00e8se, il se rend \u00e0 Rome pour \u00e9tudier la th\u00e9ologie et le droit, et obtient un doctorat dans ces deux mati\u00e8res \u00e0 l&rsquo;universit\u00e9 gr\u00e9gorienne.[\/vc_column_text][\/vc_column_inner][\/vc_row_inner][\/vc_column][\/vc_row]<\/p>\n<\/div>","protected":false},"excerpt":{"rendered":"<p>[vc_row tm_bgimagefixed=\u00a0\u00bb\u00a0\u00bb break_in_responsive=\u00a0\u00bb991&Prime; full_width=\u00a0\u00bbstretch_row\u00a0\u00bb tm_responsive_css=\u00a0\u00bb41793898|colbreak_no|||||||||colbreak_no|||||50px||25px||colbreak_no||||||||||colbreak_no|||||||||\u00a0\u00bb css=\u00a0\u00bb.vc_custom_1615897508115{padding-top: 90px !important;padding-bottom: 53px !important;}\u00a0\u00bb][vc_column width=\u00a0\u00bb1\/2&Prime; el_class=\u00a0\u00bbtm-heading-rotate\u00a0\u00bb][vc_single_image image=\u00a0\u00bb4059&Prime; img_size=\u00a0\u00bbfull\u00a0\u00bb][\/vc_column][vc_column width=\u00a0\u00bb1\/2&Prime;][vc_row_inner][vc_column_inner][vc_column_text] Le succ\u00e8s de cette premi\u00e8re repr\u00e9sentation populaire a conduit en 1965 \u00e0 la construction d&rsquo;un texte, en vers alexandrins, qui reprend la l\u00e9gende m\u00e9di\u00e9vale et y int\u00e8gre les traditions et les personnages du Camino de Santiago. Le p\u00e8re Santos Beguirist\u00e1in &hellip; <a href=\"https:\/\/misteriodeobanos.org\/fr\/mystery\/santos-beguiristain\/\" class=\"more-link\">Continue reading <span class=\"screen-reader-text\">SANTOS BEGUIRIST\u00c1IN<\/span><\/a><\/p>\n","protected":false},"author":1,"featured_media":0,"parent":2710,"menu_order":0,"comment_status":"closed","ping_status":"closed","template":"","meta":{"rs_blank_template":"","rs_page_bg_color":"","slide_template_v7":"","_monsterinsights_skip_tracking":false,"_monsterinsights_sitenote_active":false,"_monsterinsights_sitenote_note":"","_monsterinsights_sitenote_category":0,"footnotes":""},"class_list":["post-2846","page","type-page","status-publish","hentry"],"_links":{"self":[{"href":"https:\/\/misteriodeobanos.org\/fr\/wp-json\/wp\/v2\/pages\/2846","targetHints":{"allow":["GET"]}}],"collection":[{"href":"https:\/\/misteriodeobanos.org\/fr\/wp-json\/wp\/v2\/pages"}],"about":[{"href":"https:\/\/misteriodeobanos.org\/fr\/wp-json\/wp\/v2\/types\/page"}],"author":[{"embeddable":true,"href":"https:\/\/misteriodeobanos.org\/fr\/wp-json\/wp\/v2\/users\/1"}],"replies":[{"embeddable":true,"href":"https:\/\/misteriodeobanos.org\/fr\/wp-json\/wp\/v2\/comments?post=2846"}],"version-history":[{"count":3,"href":"https:\/\/misteriodeobanos.org\/fr\/wp-json\/wp\/v2\/pages\/2846\/revisions"}],"predecessor-version":[{"id":4063,"href":"https:\/\/misteriodeobanos.org\/fr\/wp-json\/wp\/v2\/pages\/2846\/revisions\/4063"}],"up":[{"embeddable":true,"href":"https:\/\/misteriodeobanos.org\/fr\/wp-json\/wp\/v2\/pages\/2710"}],"wp:attachment":[{"href":"https:\/\/misteriodeobanos.org\/fr\/wp-json\/wp\/v2\/media?parent=2846"}],"curies":[{"name":"wp","href":"https:\/\/api.w.org\/{rel}","templated":true}]}}