{"id":2837,"date":"2022-05-30T16:20:51","date_gmt":"2022-05-30T16:20:51","guid":{"rendered":"https:\/\/misteriodeobanos.org\/mystery\/la-leyenda\/"},"modified":"2023-03-02T09:46:56","modified_gmt":"2023-03-02T09:46:56","slug":"la-legende","status":"publish","type":"page","link":"https:\/\/misteriodeobanos.org\/fr\/mystery\/la-legende\/","title":{"rendered":"LA L\u00c9GENDE"},"content":{"rendered":"<div class=\"wpb-content-wrapper\"><p>[vc_row tm_bgimagefixed=\u00a0\u00bb\u00a0\u00bb break_in_responsive=\u00a0\u00bb991&Prime; full_width=\u00a0\u00bbstretch_row\u00a0\u00bb tm_responsive_css=\u00a0\u00bb41793898|colbreak_no|||||||||colbreak_no|||||50px||25px||colbreak_no||||||||||colbreak_no|||||||||\u00a0\u00bb css=\u00a0\u00bb.vc_custom_1615897508115{padding-top: 90px !important;padding-bottom: 53px !important;}\u00a0\u00bb][vc_column width=\u00a0\u00bb1\/2&Prime; el_class=\u00a0\u00bbtm-heading-rotate\u00a0\u00bb][vc_single_image image=\u00a0\u00bb1944&Prime; img_size=\u00a0\u00bbfull\u00a0\u00bb]<h4 style=\"text-align:left;font-size:16px;line-height:26px;\" class=\"tm-custom-heading \" >MYST\u00c8RE DES OBANOS<\/h4>\n[\/vc_column][vc_column width=\u00a0\u00bb1\/2&Prime;]<div class=\"tm-element-heading-wrapper tm-heading-inner tm-element-align-left tm-seperator-none tm-heading-style-vertical \"><section class=\"tm-vc_cta3-container\"><div class=\"tm-vc_general tm-vc_cta3 tm-cta3-only tm-vc_cta3-style-classic tm-vc_cta3-shape-rounded tm-vc_cta3-align-left tm-vc_cta3-color-transparent tm-vc_cta3-icon-size-md tm-vc_cta3-actions-no tm-cta3-with-desc\"><div class=\"tm-vc_cta3_content-container\"><div class=\"tm-vc_cta3-content\"><header class=\"tm-vc_cta3-content-header tm-wrap\"><div class=\"tm-vc_cta3-headers tm-wrap-cell\"><h4 class=\"tm-custom-heading \" >LA L\u00c9GENDE<\/h4>\n<h2 class=\"tm-custom-heading \" >La l\u00e9gende du <b>Myst\u00e8re<\/b><\/h2>\n<\/div><div class=\"heading-seperator\"><span><\/span><\/div><\/header><div class=\"tm-cta3-content-wrapper\"><p>Le texte \u00ab\u00a0Du martyre de sainte Felicia et de la p\u00e9nitence de saint Guill\u00e9n\u00a0\u00bb, populairement connu sous le nom de \u00ab\u00a0Myst\u00e8re d&rsquo;Obanos\u00a0\u00bb, donne une substance litt\u00e9raire \u00e0 une l\u00e9gende s\u00e9culaire du XIVe si\u00e8cle concernant les fils des ducs d&rsquo;Aquitaine.<\/p><\/div><\/div><\/div><\/div><\/section><\/div> <!-- .tm-element-heading-wrapper container --> [vc_row_inner][vc_column_inner][vc_column_text]<\/p>\n<blockquote><p>Apr\u00e8s avoir parcouru le Camino de Santiago et ressenti une vocation religieuse, la princesse Felicia, conquise par la ferveur des p\u00e8lerins et les miracles du ciel, a d\u00e9cid\u00e9 de br\u00fbler sa vie en silence, fuyant sa cour, sa lign\u00e9e et ses richesses, dans l&rsquo;humble service de notre Seigneur.<\/p><\/blockquote>\n<p>[\/vc_column_text][\/vc_column_inner][\/vc_row_inner][vc_row_inner css=\u00a0\u00bb.vc_custom_1615272433162{padding-top: 7px !important;}\u00a0\u00bb][vc_column_inner][vc_column_text]Elle s&rsquo;installe dans le manoir d&rsquo;Amocain, dans la vall\u00e9e d&rsquo;Eg\u00fces, o\u00f9 elle dissimule son statut, cache son rang et m\u00e8ne une vie tranquille et d\u00e9ifi\u00e9e, jusqu&rsquo;\u00e0 ce qu&rsquo;elle soit d\u00e9couverte par Guillermo, son fr\u00e8re courageux et querelleur, qui tente de la sauver pour le bien de la maison et des illusions du monde. C&rsquo;\u00e9tait en vain. Cela lui rappelait l&rsquo;honneur de sa lign\u00e9e, les r\u00eaves que ses parents avaient fait d&rsquo;elle, son mariage arrang\u00e9.[\/vc_column_text][\/vc_column_inner][\/vc_row_inner][\/vc_column][\/vc_row][vc_row][vc_column][vc_column_text]<\/p>\n<blockquote><p>Elle s&rsquo;est accroch\u00e9e \u00e0 l&rsquo;appel du ciel et aux exigences d&rsquo;une vocation surnaturelle. Une v\u00e9ritable bataille entre l&rsquo;amour humain et l&rsquo;amour divin. Guillermo, ivre de vanit\u00e9, a perdu son sang-froid dans une col\u00e8re noire. Felicia r\u00e9it\u00e8re son intention d&rsquo;abandonner, absorb\u00e9e par le silence et l&rsquo;humilit\u00e9. Wilhelm, fou de rage, a tu\u00e9 Felicia, une innocente consacr\u00e9e.<\/p><\/blockquote>\n<p>[\/vc_column_text][\/vc_column][\/vc_row][vc_row][vc_column css=\u00a0\u00bb.vc_custom_1653927338299{margin-top: -50px !important;}\u00a0\u00bb][vc_empty_space][vc_column_text]Le Ciel fit fleurir de prodiges le tombeau de F\u00e9licia et en fit un lieu de d\u00e9votion \u00e0 Labiano, o\u00f9 il parvenait par des chemins miraculeux.<\/p>\n<p>Le tombeau de sainte Felicia a \u00e9t\u00e9 fix\u00e9 \u00e0 Labiano (vall\u00e9e d&rsquo;Aranguren), tandis que son fr\u00e8re Guill\u00e9n a \u00e9galement atteint la saintet\u00e9 apr\u00e8s avoir effectu\u00e9 un p\u00e8lerinage \u00e0 Compostelle et avoir fait le deuil de son crime pour le reste de sa vie dans l&rsquo;ermitage d&rsquo;Arnotegui, o\u00f9 il a consol\u00e9 les p\u00e8lerins du chemin de Saint-Jacques et aid\u00e9 les pauvres, et o\u00f9 ses restes sont encore v\u00e9n\u00e9r\u00e9s aujourd&rsquo;hui.[\/vc_column_text][\/vc_column][\/vc_row][vc_row][vc_column][vc_separator color=\u00a0\u00bbcustom\u00a0\u00bb accent_color=\u00a0\u00bb#f3f3f3&Prime; css=\u00a0\u00bb.vc_custom_1615654939153{margin-bottom: 31px !important;}\u00a0\u00bb][\/vc_column][\/vc_row]<\/p>\n<\/div>","protected":false},"excerpt":{"rendered":"<p>[vc_row tm_bgimagefixed=\u00a0\u00bb\u00a0\u00bb break_in_responsive=\u00a0\u00bb991&Prime; full_width=\u00a0\u00bbstretch_row\u00a0\u00bb tm_responsive_css=\u00a0\u00bb41793898|colbreak_no|||||||||colbreak_no|||||50px||25px||colbreak_no||||||||||colbreak_no|||||||||\u00a0\u00bb css=\u00a0\u00bb.vc_custom_1615897508115{padding-top: 90px !important;padding-bottom: 53px !important;}\u00a0\u00bb][vc_column width=\u00a0\u00bb1\/2&Prime; el_class=\u00a0\u00bbtm-heading-rotate\u00a0\u00bb][vc_single_image image=\u00a0\u00bb1944&Prime; img_size=\u00a0\u00bbfull\u00a0\u00bb][\/vc_column][vc_column width=\u00a0\u00bb1\/2&Prime;][vc_row_inner][vc_column_inner][vc_column_text] Apr\u00e8s avoir parcouru le Camino de Santiago et ressenti une vocation religieuse, la princesse Felicia, conquise par la ferveur des p\u00e8lerins et les miracles du ciel, a d\u00e9cid\u00e9 de br\u00fbler sa vie en silence, fuyant sa cour, sa lign\u00e9e et &hellip; <a href=\"https:\/\/misteriodeobanos.org\/fr\/mystery\/la-legende\/\" class=\"more-link\">Continue reading <span class=\"screen-reader-text\">LA L\u00c9GENDE<\/span><\/a><\/p>\n","protected":false},"author":1,"featured_media":0,"parent":2710,"menu_order":0,"comment_status":"closed","ping_status":"closed","template":"","meta":{"rs_blank_template":"","rs_page_bg_color":"","slide_template_v7":"","_monsterinsights_skip_tracking":false,"_monsterinsights_sitenote_active":false,"_monsterinsights_sitenote_note":"","_monsterinsights_sitenote_category":0,"footnotes":""},"class_list":["post-2837","page","type-page","status-publish","hentry"],"_links":{"self":[{"href":"https:\/\/misteriodeobanos.org\/fr\/wp-json\/wp\/v2\/pages\/2837","targetHints":{"allow":["GET"]}}],"collection":[{"href":"https:\/\/misteriodeobanos.org\/fr\/wp-json\/wp\/v2\/pages"}],"about":[{"href":"https:\/\/misteriodeobanos.org\/fr\/wp-json\/wp\/v2\/types\/page"}],"author":[{"embeddable":true,"href":"https:\/\/misteriodeobanos.org\/fr\/wp-json\/wp\/v2\/users\/1"}],"replies":[{"embeddable":true,"href":"https:\/\/misteriodeobanos.org\/fr\/wp-json\/wp\/v2\/comments?post=2837"}],"version-history":[{"count":3,"href":"https:\/\/misteriodeobanos.org\/fr\/wp-json\/wp\/v2\/pages\/2837\/revisions"}],"predecessor-version":[{"id":3672,"href":"https:\/\/misteriodeobanos.org\/fr\/wp-json\/wp\/v2\/pages\/2837\/revisions\/3672"}],"up":[{"embeddable":true,"href":"https:\/\/misteriodeobanos.org\/fr\/wp-json\/wp\/v2\/pages\/2710"}],"wp:attachment":[{"href":"https:\/\/misteriodeobanos.org\/fr\/wp-json\/wp\/v2\/media?parent=2837"}],"curies":[{"name":"wp","href":"https:\/\/api.w.org\/{rel}","templated":true}]}}