{"id":2813,"date":"2022-06-03T14:56:36","date_gmt":"2022-06-03T14:56:36","guid":{"rendered":"https:\/\/misteriodeobanos.org\/mystery\/el-valle\/"},"modified":"2022-06-14T16:27:12","modified_gmt":"2022-06-14T16:27:12","slug":"la-vallee","status":"publish","type":"page","link":"https:\/\/misteriodeobanos.org\/fr\/mystery\/la-vallee\/","title":{"rendered":"LA VALL\u00c9E"},"content":{"rendered":"<div class=\"wpb-content-wrapper\"><p>[vc_row][vc_column]<h2 style=\"text-align:left;\" class=\"tm-custom-heading \" >O\u00f9 le myst\u00e8re est n\u00e9<\/h2>\n[\/vc_column][\/vc_row][vc_row tm_bgimagefixed=\u00a0\u00bb\u00a0\u00bb break_in_responsive=\u00a0\u00bb991&Prime; full_width=\u00a0\u00bbstretch_row\u00a0\u00bb tm_responsive_css=\u00a0\u00bb41793898|colbreak_no|||||||||colbreak_no|||||0px||20px||colbreak_no||||||||||colbreak_no|||||||||\u00a0\u00bb css=\u00a0\u00bb.vc_custom_1615960871360{padding-bottom: 0px !important;}\u00a0\u00bb][vc_column width=\u00a0\u00bb1\/2&Prime; tm_responsive_css=\u00a0\u00bb23101184|colbreak_no|||||||||colbreak_no|||||20px||||colbreak_no||||||||||colbreak_no|||||||||\u00a0\u00bb][vc_single_image image=\u00a0\u00bb1990&Prime; img_size=\u00a0\u00bbfull\u00a0\u00bb css=\u00a0\u00bb.vc_custom_1654268195039{padding-top: 80px !important;}\u00a0\u00bb][vc_empty_space height=\u00a0\u00bb100px\u00a0\u00bb][\/vc_column][vc_column width=\u00a0\u00bb1\/2&Prime;][vc_empty_space][vc_empty_space]<div class=\"tm-element-heading-wrapper tm-heading-inner tm-element-align-left tm-seperator-none tm-heading-style-vertical \"><section class=\"tm-vc_cta3-container\"><div class=\"tm-vc_general tm-vc_cta3 tm-cta3-only tm-vc_cta3-style-classic tm-vc_cta3-shape-rounded tm-vc_cta3-align-left tm-vc_cta3-color-transparent tm-vc_cta3-icon-size-md tm-vc_cta3-actions-no tm-cta3-with-desc\"><div class=\"tm-vc_cta3_content-container\"><div class=\"tm-vc_cta3-content\"><header class=\"tm-vc_cta3-content-header tm-wrap\"><div class=\"tm-vc_cta3-headers tm-wrap-cell\"><h4 class=\"tm-custom-heading \" >Valdizarbe<\/h4>\n<h2 class=\"tm-custom-heading \" >Le patrimoine<b> artistique de Valdizarbe<\/b>.<\/h2>\n<\/div><div class=\"heading-seperator\"><span><\/span><\/div><\/header><div class=\"tm-cta3-content-wrapper\"><p>Situ\u00e9e dans la zone moyenne de Navarre, \u00e0 20 km de la capitale, Pampelune, Valdizarbe ou Valle de Ilzarbe est une r\u00e9gion qui englobe 12 localit\u00e9s, avec \u00e0 leur t\u00eate la capitale, Puente la Reina.<\/p><\/div><\/div><\/div><\/div><\/section><\/div> <!-- .tm-element-heading-wrapper container --> [vc_empty_space][vc_empty_space][\/vc_column][\/vc_row][vc_row tm_bgimagefixed=\u00a0\u00bb\u00a0\u00bb break_in_responsive=\u00a0\u00bb991&Prime; full_width=\u00a0\u00bbstretch_row\u00a0\u00bb tm_responsive_css=\u00a0\u00bb41793898|colbreak_no|||||||||colbreak_no|||||0px||20px||colbreak_no||||||||||colbreak_no|||||||||\u00a0\u00bb css=\u00a0\u00bb.vc_custom_1615960871360{padding-bottom: 0px !important;}\u00a0\u00bb][vc_column width=\u00a0\u00bb1\/2&Prime; tm_responsive_css=\u00a0\u00bb23101184|colbreak_no|||||||||colbreak_no|||||20px||||colbreak_no||||||||||colbreak_no|||||||||\u00a0\u00bb][vc_empty_space][vc_empty_space][vc_empty_space][vc_column_text]Les vicissitudes de l&rsquo;histoire ont dot\u00e9 Valdizarbe d&rsquo;un patrimoine artistique directement li\u00e9 au chemin de Saint-Jacques-de-Compostelle. Strat\u00e9giquement situ\u00e9es au bout des deux principaux itin\u00e9raires du Chemin de p\u00e8lerinage, chacune des villes de la vall\u00e9e abrite des monuments repr\u00e9sentatifs d&rsquo;une \u00e9poque &#8211; le Moyen \u00c2ge &#8211; o\u00f9 rois et chevaliers, templiers et tailleurs de pierre ont laiss\u00e9 leur empreinte.[\/vc_column_text][vc_empty_space][vc_empty_space][\/vc_column][vc_column width=\u00a0\u00bb1\/2&Prime;][vc_single_image image=\u00a0\u00bb2825&Prime; img_size=\u00a0\u00bbfull\u00a0\u00bb css=\u00a0\u00bb.vc_custom_1655223519542{padding-top: 80px !important;}\u00a0\u00bb][vc_empty_space height=\u00a0\u00bb100px\u00a0\u00bb][\/vc_column][\/vc_row][vc_row tm_bgcolor=\u00a0\u00bbdarkgrey\u00a0\u00bb tm_bgimagefixed=\u00a0\u00bb\u00a0\u00bb full_width=\u00a0\u00bbstretch_row\u00a0\u00bb css=\u00a0\u00bb.vc_custom_1653060994458{background-image: url(https:\/\/misteriodeobanos.org\/wp-content\/uploads\/2022\/05\/fondo1a.jpg?id=1871) !important;background-position: center !important;background-repeat: no-repeat !important;background-size: cover !important;}\u00a0\u00bb][vc_column][vc_empty_space][vc_single_image image=\u00a0\u00bb2011&Prime; img_size=\u00a0\u00bbfull\u00a0\u00bb][\/vc_column][\/vc_row][vc_row tm_bgimagefixed=\u00a0\u00bb\u00a0\u00bb break_in_responsive=\u00a0\u00bb991&Prime; full_width=\u00a0\u00bbstretch_row\u00a0\u00bb tm_responsive_css=\u00a0\u00bb41793898|colbreak_no|||||||||colbreak_no|||||0px||20px||colbreak_no||||||||||colbreak_no|||||||||\u00a0\u00bb css=\u00a0\u00bb.vc_custom_1615960871360{padding-bottom: 0px !important;}\u00a0\u00bb][vc_column width=\u00a0\u00bb1\/2&Prime; tm_responsive_css=\u00a0\u00bb23101184|colbreak_no|||||||||colbreak_no|||||20px||||colbreak_no||||||||||colbreak_no|||||||||\u00a0\u00bb][vc_empty_space][vc_empty_space]<div class=\"tm-element-heading-wrapper tm-heading-inner tm-element-align-left tm-seperator-none tm-heading-style-vertical \"><section class=\"tm-vc_cta3-container\"><div class=\"tm-vc_general tm-vc_cta3 tm-cta3-only tm-vc_cta3-style-classic tm-vc_cta3-shape-rounded tm-vc_cta3-align-left tm-vc_cta3-color-transparent tm-vc_cta3-icon-size-md tm-vc_cta3-actions-no tm-cta3-with-desc\"><div class=\"tm-vc_cta3_content-container\"><div class=\"tm-vc_cta3-content\"><header class=\"tm-vc_cta3-content-header tm-wrap\"><div class=\"tm-vc_cta3-headers tm-wrap-cell\"><h4 class=\"tm-custom-heading \" >Le carrefour<\/h4>\n<h2 class=\"tm-custom-heading \" >Obanos, <b>carrefour de routes<\/b>.<\/h2>\n<\/div><div class=\"heading-seperator\"><span><\/span><\/div><\/header><div class=\"tm-cta3-content-wrapper\"><p>La ville d&rsquo;Obanos est situ\u00e9e au milieu de la Navarre, dans la r\u00e9gion de Valdizarbe, qui est travers\u00e9e par le chemin de Saint-Jacques-de-Compostelle. C&rsquo;est pr\u00e9cis\u00e9ment dans son ermitage-basilique de Notre-Dame d&rsquo;Arnotegui que na\u00eet l&rsquo;une des plus belles l\u00e9gendes du Chemin de Saint-Jacques en Navarre : le Myst\u00e8re de San Guillen et de Santa Felicia.Obanos est une \u00e9tape obligatoire pour tous les p\u00e8lerins qui se rendent \u00e0 Saint-Jacques-de-Compostelle, car c&rsquo;est le lieu o\u00f9 se rejoignent les deux principales branches du Chemin de Saint-Jacques, comme les routes du Somport et de Roncevaux, pour continuer sur l&rsquo;une d&rsquo;elles jusqu&rsquo;\u00e0 Saint-Jacques. Le lieu connu comme la jonction de ces routes est l&rsquo;ermitage de San Salvador.<\/p>\n<p>&nbsp;<\/p>\n<p>Dans les ann\u00e9es de splendeur du Camino de Santiago, la ville d&rsquo;Obanos disposait d&rsquo;un h\u00f4pital pour soigner les p\u00e8lerins, juste en face de la vieille \u00e9glise \u00e0 l&rsquo;entr\u00e9e du chemin de Muruz\u00e1bal, o\u00f9 montaient les p\u00e8lerins de Roncevaux. Gr\u00e2ce aux archives du conseil municipal et aux actes de propri\u00e9t\u00e9 des maisons d&rsquo;Obanos, nous savons que certaines d&rsquo;entre elles bordaient les chemins royaux o\u00f9 passait normalement le chemin de Saint-Jacques. Ainsi, l&rsquo;itin\u00e9raire du chemin des p\u00e8lerins vers Saint-Jacques-de-Compostelle, qui passait par Obanos, a \u00e9t\u00e9 trac\u00e9 avec une grande pr\u00e9cision.<\/p>\n<p>Lien vers le site de la mairie d&rsquo;Obanos :<\/p>\n<p><a href=\"https:\/\/www.obanos.es\/portal\/default.aspx\" target=\"_blank\" rel=\"noopener\">https:\/\/www.obanos.es\/portal\/default.aspx<\/a><\/p><\/div><\/div><\/div><\/div><\/section><\/div> <!-- .tm-element-heading-wrapper container --> [vc_empty_space][\/vc_column][vc_column width=\u00a0\u00bb1\/2&Prime;][vc_single_image image=\u00a0\u00bb2002&Prime; img_size=\u00a0\u00bbfull\u00a0\u00bb css=\u00a0\u00bb.vc_custom_1654269098471{padding-top: 80px !important;}\u00a0\u00bb][\/vc_column][\/vc_row][vc_row tm_bgcolor=\u00a0\u00bbgrey\u00a0\u00bb tm_bgimagefixed=\u00a0\u00bb\u00a0\u00bb full_width=\u00a0\u00bbstretch_row\u00a0\u00bb disable_element=\u00a0\u00bbyes\u00a0\u00bb css=\u00a0\u00bb.vc_custom_1653038203102{margin-top: -150px !important;padding-top: 145px !important;padding-bottom: 80px !important;}\u00a0\u00bb tm_responsive_css=\u00a0\u00bb42472034|colbreak_no|||||||||colbreak_no|0px||||40px|15px|0px||colbreak_no||||||||||colbreak_no|||||||||\u00a0\u00bb el_class=\u00a0\u00bbtm-custome-processbox-new-style tm-custome-about-new-style\u00a0\u00bb][vc_column]<div class=\"themetechmount-boxes themetechmount-boxes-service themetechmount-boxes-view-carousel themetechmount-boxes-col-three themetechmount-boxes-sortable-no themetechmount-boxes-textalign-center tm-cta3-rev-heading tm-boxes-carousel-arrow-round tm-boxes-carousel-arrows-hide\" data-tm-speed=\"1500\" data-tm-autoplay=\"0\" data-tm-autoplayspeed=\"4500\" data-tm-loop=\"1\" data-tm-dots=\"0\" data-tm-nav=\"hide\" data-tm-centermode=\"0\" data-tm-arrowtype=\"round\" data-tm-pauseonfocus=\"1\" data-tm-pauseonhover=\"1\" data-tm-slidestoscroll=\"1\" data-tm-effecttype=\"slide\">\n\t\t<div class=\"themetechmount-boxes-inner themetechmount-boxes-service-inner \"><div class=\"themetechmount-box-heading-wrapper tm-element-align-center\"><div class=\"tm-element-heading-wrapper tm-heading-inner tm-element-align-center tm-seperator-none tm-heading-style-vertical \"><section class=\"tm-vc_cta3-container\"><div class=\"tm-vc_general tm-vc_cta3 tm-cta3-only tm-vc_cta3-style-classic tm-vc_cta3-shape-rounded tm-vc_cta3-align-center tm-vc_cta3-color-transparent tm-vc_cta3-icon-size-md tm-vc_cta3-actions-no tm-cta3-without-desc\"><div class=\"tm-vc_cta3_content-container\"><div class=\"tm-vc_cta3-content\"><header class=\"tm-vc_cta3-content-header tm-wrap\"><div class=\"tm-vc_cta3-headers tm-wrap-cell\"><h4 class=\"tm-custom-heading \" >Business Grow<\/h4>\n<h2 class=\"tm-custom-heading \" >Your Business <b>Grow &amp; Successful<\/b><\/h2>\n<\/div><div class=\"heading-seperator\"><span><\/span><\/div><\/header><\/div><\/div><\/div><\/section><\/div> <!-- .tm-element-heading-wrapper container --> <\/div> <!-- .tm-element-heading-wrapper container --> <\/div><!-- .themetechmount-boxes-inner -->   <\/div><!-- .themetechmount-boxes -->  [\/vc_column][\/vc_row]<\/p>\n<\/div>","protected":false},"excerpt":{"rendered":"<p>[vc_row][vc_column][\/vc_column][\/vc_row][vc_row tm_bgimagefixed=\u00a0\u00bb\u00a0\u00bb break_in_responsive=\u00a0\u00bb991&Prime; full_width=\u00a0\u00bbstretch_row\u00a0\u00bb tm_responsive_css=\u00a0\u00bb41793898|colbreak_no|||||||||colbreak_no|||||0px||20px||colbreak_no||||||||||colbreak_no|||||||||\u00a0\u00bb css=\u00a0\u00bb.vc_custom_1615960871360{padding-bottom: 0px !important;}\u00a0\u00bb][vc_column width=\u00a0\u00bb1\/2&Prime; tm_responsive_css=\u00a0\u00bb23101184|colbreak_no|||||||||colbreak_no|||||20px||||colbreak_no||||||||||colbreak_no|||||||||\u00a0\u00bb][vc_single_image image=\u00a0\u00bb1990&Prime; img_size=\u00a0\u00bbfull\u00a0\u00bb css=\u00a0\u00bb.vc_custom_1654268195039{padding-top: 80px !important;}\u00a0\u00bb][vc_empty_space height=\u00a0\u00bb100px\u00a0\u00bb][\/vc_column][vc_column width=\u00a0\u00bb1\/2&Prime;][vc_empty_space][vc_empty_space][vc_empty_space][vc_empty_space][\/vc_column][\/vc_row][vc_row tm_bgimagefixed=\u00a0\u00bb\u00a0\u00bb break_in_responsive=\u00a0\u00bb991&Prime; full_width=\u00a0\u00bbstretch_row\u00a0\u00bb tm_responsive_css=\u00a0\u00bb41793898|colbreak_no|||||||||colbreak_no|||||0px||20px||colbreak_no||||||||||colbreak_no|||||||||\u00a0\u00bb css=\u00a0\u00bb.vc_custom_1615960871360{padding-bottom: 0px !important;}\u00a0\u00bb][vc_column width=\u00a0\u00bb1\/2&Prime; tm_responsive_css=\u00a0\u00bb23101184|colbreak_no|||||||||colbreak_no|||||20px||||colbreak_no||||||||||colbreak_no|||||||||\u00a0\u00bb][vc_empty_space][vc_empty_space][vc_empty_space][vc_column_text]Les vicissitudes de l&rsquo;histoire ont dot\u00e9 Valdizarbe d&rsquo;un patrimoine artistique directement li\u00e9 au chemin de Saint-Jacques-de-Compostelle. Strat\u00e9giquement situ\u00e9es au bout des deux principaux itin\u00e9raires du Chemin de p\u00e8lerinage, chacune des &hellip; <a href=\"https:\/\/misteriodeobanos.org\/fr\/mystery\/la-vallee\/\" class=\"more-link\">Continue reading <span class=\"screen-reader-text\">LA VALL\u00c9E<\/span><\/a><\/p>\n","protected":false},"author":1,"featured_media":0,"parent":2710,"menu_order":0,"comment_status":"closed","ping_status":"closed","template":"","meta":{"rs_blank_template":"","rs_page_bg_color":"","slide_template_v7":"","_monsterinsights_skip_tracking":false,"_monsterinsights_sitenote_active":false,"_monsterinsights_sitenote_note":"","_monsterinsights_sitenote_category":0,"footnotes":""},"class_list":["post-2813","page","type-page","status-publish","hentry"],"_links":{"self":[{"href":"https:\/\/misteriodeobanos.org\/fr\/wp-json\/wp\/v2\/pages\/2813","targetHints":{"allow":["GET"]}}],"collection":[{"href":"https:\/\/misteriodeobanos.org\/fr\/wp-json\/wp\/v2\/pages"}],"about":[{"href":"https:\/\/misteriodeobanos.org\/fr\/wp-json\/wp\/v2\/types\/page"}],"author":[{"embeddable":true,"href":"https:\/\/misteriodeobanos.org\/fr\/wp-json\/wp\/v2\/users\/1"}],"replies":[{"embeddable":true,"href":"https:\/\/misteriodeobanos.org\/fr\/wp-json\/wp\/v2\/comments?post=2813"}],"version-history":[{"count":2,"href":"https:\/\/misteriodeobanos.org\/fr\/wp-json\/wp\/v2\/pages\/2813\/revisions"}],"predecessor-version":[{"id":2832,"href":"https:\/\/misteriodeobanos.org\/fr\/wp-json\/wp\/v2\/pages\/2813\/revisions\/2832"}],"up":[{"embeddable":true,"href":"https:\/\/misteriodeobanos.org\/fr\/wp-json\/wp\/v2\/pages\/2710"}],"wp:attachment":[{"href":"https:\/\/misteriodeobanos.org\/fr\/wp-json\/wp\/v2\/media?parent=2813"}],"curies":[{"name":"wp","href":"https:\/\/api.w.org\/{rel}","templated":true}]}}