{"id":2803,"date":"2021-03-05T04:36:25","date_gmt":"2021-03-05T04:36:25","guid":{"rendered":"https:\/\/misteriodeobanos.org\/reconocimientos\/"},"modified":"2022-06-14T11:20:03","modified_gmt":"2022-06-14T11:20:03","slug":"remerciements","status":"publish","type":"page","link":"https:\/\/misteriodeobanos.org\/fr\/remerciements\/","title":{"rendered":"REMERCIEMENTS"},"content":{"rendered":"<div class=\"wpb-content-wrapper\"><p>[vc_row tm_bgimagefixed=\u00a0\u00bb\u00a0\u00bb full_width=\u00a0\u00bbstretch_row\u00a0\u00bb css=\u00a0\u00bb.vc_custom_1615956861019{padding-bottom: 50px !important;}\u00a0\u00bb tm_responsive_css=\u00a0\u00bb91631963|colbreak_no|||||||||colbreak_no|||||50px||10px||colbreak_no||||||||||colbreak_no|||||||||\u00a0\u00bb][vc_column]<div class=\"themetechmount-boxes themetechmount-boxes-portfolio themetechmount-boxes-view-default themetechmount-boxes-col-three themetechmount-boxes-sortable-no themetechmount-boxes-textalign-center tm-cta3-rev-heading\">\n\t\t<div class=\"themetechmount-boxes-inner themetechmount-boxes-portfolio-inner \">\n\t\t\t\t\n\t\t\t\t<div class=\"row multi-columns-row themetechmount-boxes-row-wrapper tm-box-masnory\">\n\t\t\t\t\t<div class=\"tm-box-col-wrapper col-lg-4 col-sm-6 col-md-4 col-xs-12 remerciements\"><article class=\"themetechmount-box themetechmount-box-portfolio themetechmount-portfoliobox-style1 \">\n\t<div class=\"themetechmount-post-item tm-shadow-box\">\t\n\t\t<div class=\"themetechmount-post-item-inner\">\n\t\t\t<div class=\"tm-featured-wrapper tm-tm_portfolio-featured-wrapper\"><a href=\"https:\/\/misteriodeobanos.org\/fr\/premios\/gobierno-de-navarra\/\"><img loading=\"lazy\" decoding=\"async\" width=\"768\" height=\"507\" src=\"https:\/\/misteriodeobanos.org\/wp-content\/uploads\/2023\/08\/GN-v1-4cret-768x507.jpg\" class=\"attachment-medium_large size-medium_large wp-post-image\" alt=\"\" srcset=\"https:\/\/misteriodeobanos.org\/wp-content\/uploads\/2023\/08\/GN-v1-4cret-768x507.jpg 768w, https:\/\/misteriodeobanos.org\/wp-content\/uploads\/2023\/08\/GN-v1-4cret-300x198.jpg 300w, https:\/\/misteriodeobanos.org\/wp-content\/uploads\/2023\/08\/GN-v1-4cret-1024x676.jpg 1024w, https:\/\/misteriodeobanos.org\/wp-content\/uploads\/2023\/08\/GN-v1-4cret.jpg 1212w\" sizes=\"auto, (max-width: 768px) 100vw, 768px\" data-id=\"4348\" \/><\/a><\/div>\t\t\t<div class=\"themetechmount-box-content themetechmount-overlay\">\n\t\t\t\t<div class=\"themetechmount-box-content-inner\">\n\t\t\t\t\t<div class=\"themetechmount-icon-box themetechmount-media-link\"><a class=\"tm_prettyphoto\" href=\"https:\/\/misteriodeobanos.org\/wp-content\/uploads\/2023\/08\/GN-v1-4cret.jpg\"><i class=\"tm-fablio-icon-search\"><\/i><\/a><a href=\" https:\/\/misteriodeobanos.org\/fr\/premios\/gobierno-de-navarra\/\" class=\"themetechmount_pf_link\"><i class=\"tm-fablio-icon-shuffle\"><\/i><\/a><\/div>\n\t\t\t\t<\/div>\t\t\t\n\t\t\t<\/div>\n\t\t<\/div>\t\t\n\t\t<div class=\"themetechmount-box-bottom-content\">\t\t\t\t\t\t\n\t\t\t<div class=\"themetechmount-box-title\"><h4><a href=\"https:\/\/misteriodeobanos.org\/fr\/premios\/gobierno-de-navarra\/\">Gobierno de Navarra<\/a><\/h4><\/div>\t\t\t<div class=\"themetechmount-box-desc\">\n\t\t\t\t<p>[vc_row][vc_column][vc_column_text] Gobierno de Navarra Departamento de Cultura colaborador de la fundaci\u00f3n [\/vc_column_text][\/vc_column][\/vc_row]<\/p>\n\t\t\t<\/div>\n\t\t<\/div>\n\t<\/div>\n<\/article><\/div><div class=\"tm-box-col-wrapper col-lg-4 col-sm-6 col-md-4 col-xs-12 remerciements\"><article class=\"themetechmount-box themetechmount-box-portfolio themetechmount-portfoliobox-style1 \">\n\t<div class=\"themetechmount-post-item tm-shadow-box\">\t\n\t\t<div class=\"themetechmount-post-item-inner\">\n\t\t\t<div class=\"tm-featured-wrapper tm-tm_portfolio-featured-wrapper\"><a href=\"https:\/\/misteriodeobanos.org\/fr\/premios\/fete-dinteret-touristique-national\/\"><img loading=\"lazy\" decoding=\"async\" width=\"768\" height=\"512\" src=\"https:\/\/misteriodeobanos.org\/wp-content\/uploads\/2021\/02\/interesturistico-768x512.jpg\" class=\"attachment-medium_large size-medium_large wp-post-image\" alt=\"\" srcset=\"https:\/\/misteriodeobanos.org\/wp-content\/uploads\/2021\/02\/interesturistico-768x512.jpg 768w, https:\/\/misteriodeobanos.org\/wp-content\/uploads\/2021\/02\/interesturistico-300x200.jpg 300w, https:\/\/misteriodeobanos.org\/wp-content\/uploads\/2021\/02\/interesturistico-1024x683.jpg 1024w, https:\/\/misteriodeobanos.org\/wp-content\/uploads\/2021\/02\/interesturistico.jpg 1200w\" sizes=\"auto, (max-width: 768px) 100vw, 768px\" data-id=\"2496\" \/><\/a><\/div>\t\t\t<div class=\"themetechmount-box-content themetechmount-overlay\">\n\t\t\t\t<div class=\"themetechmount-box-content-inner\">\n\t\t\t\t\t<div class=\"themetechmount-icon-box themetechmount-media-link\"><a class=\"tm_prettyphoto\" href=\"https:\/\/misteriodeobanos.org\/wp-content\/uploads\/2021\/02\/interesturistico.jpg\"><i class=\"tm-fablio-icon-search\"><\/i><\/a><a href=\" https:\/\/misteriodeobanos.org\/fr\/premios\/fete-dinteret-touristique-national\/\" class=\"themetechmount_pf_link\"><i class=\"tm-fablio-icon-shuffle\"><\/i><\/a><\/div>\n\t\t\t\t<\/div>\t\t\t\n\t\t\t<\/div>\n\t\t<\/div>\t\t\n\t\t<div class=\"themetechmount-box-bottom-content\">\t\t\t\t\t\t\n\t\t\t<div class=\"themetechmount-box-title\"><h4><a href=\"https:\/\/misteriodeobanos.org\/fr\/premios\/fete-dinteret-touristique-national\/\">\u00ab\u00a0F\u00eate d&rsquo;int\u00e9r\u00eat touristique national\u00a0\u00bb.<\/a><\/h4><\/div>\t\t\t<div class=\"themetechmount-box-desc\">\n\t\t\t\t<p>\u00ab\u00a0F\u00eate d&rsquo;int\u00e9r\u00eat touristique national\u00a0\u00bb.<\/p>\n\t\t\t<\/div>\n\t\t<\/div>\n\t<\/div>\n<\/article><\/div><div class=\"tm-box-col-wrapper col-lg-4 col-sm-6 col-md-4 col-xs-12 prix\"><article class=\"themetechmount-box themetechmount-box-portfolio themetechmount-portfoliobox-style1 \">\n\t<div class=\"themetechmount-post-item tm-shadow-box\">\t\n\t\t<div class=\"themetechmount-post-item-inner\">\n\t\t\t<div class=\"tm-featured-wrapper tm-tm_portfolio-featured-wrapper\"><a href=\"https:\/\/misteriodeobanos.org\/fr\/premios\/prix-extraordinaire-mystere-delche\/\"><img loading=\"lazy\" decoding=\"async\" width=\"768\" height=\"512\" src=\"https:\/\/misteriodeobanos.org\/wp-content\/uploads\/2021\/03\/Misterio-de-Elcheg-768x512.jpg\" class=\"attachment-medium_large size-medium_large wp-post-image\" alt=\"\" srcset=\"https:\/\/misteriodeobanos.org\/wp-content\/uploads\/2021\/03\/Misterio-de-Elcheg-768x512.jpg 768w, https:\/\/misteriodeobanos.org\/wp-content\/uploads\/2021\/03\/Misterio-de-Elcheg-300x200.jpg 300w, https:\/\/misteriodeobanos.org\/wp-content\/uploads\/2021\/03\/Misterio-de-Elcheg-1024x683.jpg 1024w, https:\/\/misteriodeobanos.org\/wp-content\/uploads\/2021\/03\/Misterio-de-Elcheg.jpg 1200w\" sizes=\"auto, (max-width: 768px) 100vw, 768px\" data-id=\"2493\" \/><\/a><\/div>\t\t\t<div class=\"themetechmount-box-content themetechmount-overlay\">\n\t\t\t\t<div class=\"themetechmount-box-content-inner\">\n\t\t\t\t\t<div class=\"themetechmount-icon-box themetechmount-media-link\"><a class=\"tm_prettyphoto\" href=\"https:\/\/misteriodeobanos.org\/wp-content\/uploads\/2021\/03\/Misterio-de-Elcheg.jpg\"><i class=\"tm-fablio-icon-search\"><\/i><\/a><a href=\" https:\/\/misteriodeobanos.org\/fr\/premios\/prix-extraordinaire-mystere-delche\/\" class=\"themetechmount_pf_link\"><i class=\"tm-fablio-icon-shuffle\"><\/i><\/a><\/div>\n\t\t\t\t<\/div>\t\t\t\n\t\t\t<\/div>\n\t\t<\/div>\t\t\n\t\t<div class=\"themetechmount-box-bottom-content\">\t\t\t\t\t\t\n\t\t\t<div class=\"themetechmount-box-title\"><h4><a href=\"https:\/\/misteriodeobanos.org\/fr\/premios\/prix-extraordinaire-mystere-delche\/\">Prix extraordinaire \u00ab\u00a0Myst\u00e8re d&rsquo;Elche\u00a0\u00bb.<\/a><\/h4><\/div>\t\t\t<div class=\"themetechmount-box-desc\">\n\t\t\t\t<p>Il a \u00e9t\u00e9 d\u00e9cern\u00e9 en 1965 par le minist\u00e8re de l&rsquo;information et du tourisme.<\/p>\n\t\t\t<\/div>\n\t\t<\/div>\n\t<\/div>\n<\/article><\/div>\n\t\t\t\t<\/div>\n\t\t\t<\/div><!-- .themetechmount-boxes-inner -->   <\/div><!-- .themetechmount-boxes -->  [\/vc_column][\/vc_row]<\/p>\n<\/div>","protected":false},"excerpt":{"rendered":"<p>[vc_row tm_bgimagefixed=\u00a0\u00bb\u00a0\u00bb full_width=\u00a0\u00bbstretch_row\u00a0\u00bb css=\u00a0\u00bb.vc_custom_1615956861019{padding-bottom: 50px !important;}\u00a0\u00bb tm_responsive_css=\u00a0\u00bb91631963|colbreak_no|||||||||colbreak_no|||||50px||10px||colbreak_no||||||||||colbreak_no|||||||||\u00a0\u00bb][vc_column][\/vc_column][\/vc_row]<\/p>\n","protected":false},"author":1,"featured_media":0,"parent":0,"menu_order":0,"comment_status":"closed","ping_status":"closed","template":"","meta":{"_monsterinsights_skip_tracking":false,"_monsterinsights_sitenote_active":false,"_monsterinsights_sitenote_note":"","_monsterinsights_sitenote_category":0,"footnotes":""},"class_list":["post-2803","page","type-page","status-publish","hentry"],"_links":{"self":[{"href":"https:\/\/misteriodeobanos.org\/fr\/wp-json\/wp\/v2\/pages\/2803","targetHints":{"allow":["GET"]}}],"collection":[{"href":"https:\/\/misteriodeobanos.org\/fr\/wp-json\/wp\/v2\/pages"}],"about":[{"href":"https:\/\/misteriodeobanos.org\/fr\/wp-json\/wp\/v2\/types\/page"}],"author":[{"embeddable":true,"href":"https:\/\/misteriodeobanos.org\/fr\/wp-json\/wp\/v2\/users\/1"}],"replies":[{"embeddable":true,"href":"https:\/\/misteriodeobanos.org\/fr\/wp-json\/wp\/v2\/comments?post=2803"}],"version-history":[{"count":1,"href":"https:\/\/misteriodeobanos.org\/fr\/wp-json\/wp\/v2\/pages\/2803\/revisions"}],"predecessor-version":[{"id":2807,"href":"https:\/\/misteriodeobanos.org\/fr\/wp-json\/wp\/v2\/pages\/2803\/revisions\/2807"}],"wp:attachment":[{"href":"https:\/\/misteriodeobanos.org\/fr\/wp-json\/wp\/v2\/media?parent=2803"}],"curies":[{"name":"wp","href":"https:\/\/api.w.org\/{rel}","templated":true}]}}