{"id":2770,"date":"2022-05-20T15:50:09","date_gmt":"2022-05-20T15:50:09","guid":{"rendered":"https:\/\/misteriodeobanos.org\/foundation\/patronos\/"},"modified":"2023-06-12T15:07:21","modified_gmt":"2023-06-12T15:07:21","slug":"mecenes","status":"publish","type":"page","link":"https:\/\/misteriodeobanos.org\/fr\/foundation\/mecenes\/","title":{"rendered":"M\u00c9C\u00c9NES"},"content":{"rendered":"<div class=\"wpb-content-wrapper\"><p>[vc_row][vc_column][vc_empty_space height=\u00a0\u00bb60px\u00a0\u00bb]<h2 style=\"text-align:left;font-size:20;line-height:1;color:#c3002f;\" class=\"tm-custom-heading \" >LES DIX M\u00c9C\u00c8NES<\/h2>\n[vc_empty_space][\/vc_column][\/vc_row][vc_row][vc_column][vc_column_text]Depuis sa constitution en 1993, la pr\u00e9sidence de la Fondation a \u00e9t\u00e9 exerc\u00e9e jusqu&rsquo;en 1998 par le Gouvernement de Navarre, en la personne de son Ministre de l&rsquo;\u00c9ducation et de la Culture. Apr\u00e8s cette premi\u00e8re \u00e9tape, la pr\u00e9sidence passa \u00e0 l&rsquo;Ermite Maire de la Confr\u00e9rie des Ermites d&rsquo;Arnotegui ou \u00e0 une personne d\u00e9sign\u00e9e par elle.<\/p>\n<p>\u00c0 partir de juin 2023, un repr\u00e9sentant de l&rsquo;Universit\u00e9 de Navarre rejoindra le conseil d&rsquo;administration.<\/p>\n<p>Les dix administrateurs qui composent le Conseil de la Fondation Misterio de Obanos sont les suivants :[\/vc_column_text][\/vc_column][\/vc_row][vc_row][vc_column]<ul class=\"tm-list tm-list-style-icon tm-list-icon-color-skincolor tm- tm-icon-skincolor tm-list-textsize- tm-list-icon-library-fontawesome\"><li><i class=\"tm-skincolor fa fa-caret-right\"><\/i>  <span class=\"tm-list-li-content\"><a href=\"https:\/\/www.navarra.es\/es\/gobierno-de-navarra\/departamento-de-cultura-y-deporte\" target=\"_blank\">Minist\u00e8re de la Culture du Gouvernement de Navarre.<\/a><\/span><\/li><li><i class=\"tm-skincolor fa fa-caret-right\"><\/i>  <span class=\"tm-list-li-content\"><a href=\"https:\/\/www.iglesianavarra.org\/\" target=\"_blank\">Archev\u00each\u00e9 de Pampelune.<\/a><\/span><\/li><li><i class=\"tm-skincolor fa fa-caret-right\"><\/i>  <span class=\"tm-list-li-content\"><a href=\"https:\/\/www.obanos.es\/portal\/default.aspx \" target=\"_blank\">Mairie d'Obanos.<\/a><\/span><\/li><li><i class=\"tm-skincolor fa fa-caret-right\"><\/i>  <span class=\"tm-list-li-content\"><a href=\"https:\/\/www.pamplona.es\/entidades\/parroquia-de-san-juan-bautista-obanos-valdizarbe \" target=\"_blank\">Paroisse San Juan Bautista de Obanos.<\/a><\/span><\/li><li><i class=\"tm-skincolor fa fa-caret-right\"><\/i>  <span class=\"tm-list-li-content\"><a href=\"https:\/\/misteriodeobanos.org\/fr\/foundation\/confrerie\/\" target=\"_blank\">Confr\u00e9rie des Ermites d'Arnotegui.<\/a><\/span><\/li><li><i class=\"tm-skincolor fa fa-caret-right\"><\/i>  <span class=\"tm-list-li-content\"><a href=\" https:\/\/www.caminodesantiagoennavarra.es\/ \" target=\"_blank\">Association des Amis du Chemin de Saint Jacques de Pampelune.<\/a><\/span><\/li><li><i class=\"tm-skincolor fa fa-caret-right\"><\/i>  <span class=\"tm-list-li-content\"><a href=\"https:\/\/www.caminodesantiagoestella.org\/ \" target=\"_blank\">Association des Amis du Camino de Santiago de Estella.<\/a><\/span><\/li><li><i class=\"tm-skincolor fa fa-caret-right\"><\/i>  <span class=\"tm-list-li-content\"><a href=\"https:\/\/www.unav.edu\/ \" target=\"_blank\">Universit\u00e9 de Navarre.<\/a><\/span><\/li><li><i class=\"tm-skincolor fa fa-caret-right\"><\/i>  <span class=\"tm-list-li-content\">Deux membres pertinents du domaine de l'art et de la culture de Navarre.<\/span><\/li><\/ul>[\/vc_column][\/vc_row][vc_row][vc_column][vc_single_image image=\u00a0\u00bb1895&Prime; img_size=\u00a0\u00bbfull\u00a0\u00bb][\/vc_column][\/vc_row][vc_row][vc_column]<div class=\"themetechmount-boxes themetechmount-boxes-client themetechmount-boxes-view-carousel themetechmount-boxes-col-three themetechmount-boxes-sortable- themetechmount-boxes-textalign-center tm-cta3-rev-heading tm-boxes-carousel-arrow-round tm-boxes-carousel-arrows-above tm-boxes-txtalign-center\" data-tm-speed=\"1500\" data-tm-autoplay=\"1\" data-tm-autoplayspeed=\"4500\" data-tm-loop=\"1\" data-tm-dots=\"0\" data-tm-nav=\"above\" data-tm-centermode=\"0\" data-tm-arrowtype=\"round\" data-tm-pauseonfocus=\"1\" data-tm-pauseonhover=\"1\" data-tm-slidestoscroll=\"column\" data-tm-effecttype=\"slide\">\n\t\t<div class=\"themetechmount-boxes-inner themetechmount-boxes-client-inner \"><div class=\"themetechmount-box-heading-wrapper tm-element-align-center\"><div class=\"tm-element-heading-wrapper tm-heading-inner tm-element-align-center tm-seperator-none tm-heading-style-horizontal \"><section class=\"tm-vc_cta3-container\"><div class=\"tm-vc_general tm-vc_cta3 tm-cta3-only tm-vc_cta3-style-classic tm-vc_cta3-shape-rounded tm-vc_cta3-align-center tm-vc_cta3-color-transparent tm-vc_cta3-icon-size-md tm-vc_cta3-actions-no tm-cta3-without-desc\"><div class=\"tm-vc_cta3_content-container\"><div class=\"tm-vc_cta3-content\"><header class=\"tm-vc_cta3-content-header tm-wrap\"><div class=\"tm-vc_cta3-headers tm-wrap-cell\"><h2 class=\"tm-custom-heading \" >M\u00c9C\u00c9NES<\/h2>\n<\/div><div class=\"heading-seperator\"><span><\/span><\/div><\/header><\/div><\/div><\/div><\/section><\/div> <!-- .tm-element-heading-wrapper container --> <\/div> <!-- .tm-element-heading-wrapper container --> \n\t\t\t\t\n\t\t\t\t<div class=\"row multi-columns-row themetechmount-boxes-row-wrapper\">\n\t\t\t\t\t<div class=\"tm-box-col-wrapper col-lg-4 col-sm-6 col-md-4 col-xs-12 \"><div class=\"tm-client-logo-box-w\"><div class=\"tm-client-logo-tooltip\" data-tooltip=\"Universit\u00e9 de Navarre\"><span class=\"themetechmount-box themetechmount-box-client themetechmount-box-view-boxed-logo themetechmount-client-box-view-boxed-logo\">\n\t\n\t\t<span class=\"themetechmount-item-thumbnail\">\n\t\t\t<span class=\"themetechmount-item-thumbnail-inner\">\n\t\t\t\t<img loading=\"lazy\" decoding=\"async\" width=\"312\" height=\"195\" src=\"https:\/\/misteriodeobanos.org\/wp-content\/uploads\/2023\/06\/Universidad-de-Navarra.jpg\" class=\"attachment-full size-full wp-post-image\" alt=\"\" srcset=\"https:\/\/misteriodeobanos.org\/wp-content\/uploads\/2023\/06\/Universidad-de-Navarra.jpg 312w, https:\/\/misteriodeobanos.org\/wp-content\/uploads\/2023\/06\/Universidad-de-Navarra-300x188.jpg 300w\" sizes=\"auto, (max-width: 312px) 100vw, 312px\" data-id=\"4086\" \/>\n\t\t\t<\/span>\n\t\t<\/span><\/span>\n<\/div><\/div><!-- .tm-client-logo-box-w --> <\/div><div class=\"tm-box-col-wrapper col-lg-4 col-sm-6 col-md-4 col-xs-12 \"><div class=\"tm-client-logo-box-w\"><div class=\"tm-client-logo-tooltip\" data-tooltip=\"Association des amis du chemin de Saint-Jacques-de-Compostelle.\"><span class=\"themetechmount-box themetechmount-box-client themetechmount-box-view-boxed-logo themetechmount-client-box-view-boxed-logo\">\n\t\n\t\t<span class=\"themetechmount-item-thumbnail\">\n\t\t\t<span class=\"themetechmount-item-thumbnail-inner\">\n\t\t\t\t<img loading=\"lazy\" decoding=\"async\" width=\"312\" height=\"195\" src=\"https:\/\/misteriodeobanos.org\/wp-content\/uploads\/2022\/05\/asociacion-amigos-santiago-ESTELLA.png\" class=\"attachment-full size-full wp-post-image\" alt=\"\" srcset=\"https:\/\/misteriodeobanos.org\/wp-content\/uploads\/2022\/05\/asociacion-amigos-santiago-ESTELLA.png 312w, https:\/\/misteriodeobanos.org\/wp-content\/uploads\/2022\/05\/asociacion-amigos-santiago-ESTELLA-300x188.png 300w\" sizes=\"auto, (max-width: 312px) 100vw, 312px\" data-id=\"4055\" \/>\n\t\t\t<\/span>\n\t\t<\/span><\/span>\n<\/div><\/div><!-- .tm-client-logo-box-w --> <\/div><div class=\"tm-box-col-wrapper col-lg-4 col-sm-6 col-md-4 col-xs-12 \"><div class=\"tm-client-logo-box-w\"><div class=\"tm-client-logo-tooltip\" data-tooltip=\"D\u00e9partement de la culture du gouvernement de Navarre.\"><span class=\"themetechmount-box themetechmount-box-client themetechmount-box-view-boxed-logo themetechmount-client-box-view-boxed-logo\">\n\t\n\t\t<span class=\"themetechmount-item-thumbnail\">\n\t\t\t<span class=\"themetechmount-item-thumbnail-inner\">\n\t\t\t\t<img loading=\"lazy\" decoding=\"async\" width=\"312\" height=\"195\" src=\"https:\/\/misteriodeobanos.org\/wp-content\/uploads\/2021\/02\/Gobierno-de-Navarra.png\" class=\"attachment-full size-full wp-post-image\" alt=\"\" srcset=\"https:\/\/misteriodeobanos.org\/wp-content\/uploads\/2021\/02\/Gobierno-de-Navarra.png 312w, https:\/\/misteriodeobanos.org\/wp-content\/uploads\/2021\/02\/Gobierno-de-Navarra-300x188.png 300w\" sizes=\"auto, (max-width: 312px) 100vw, 312px\" data-id=\"2564\" \/>\n\t\t\t<\/span>\n\t\t<\/span><\/span>\n<\/div><\/div><!-- .tm-client-logo-box-w --> <\/div><div class=\"tm-box-col-wrapper col-lg-4 col-sm-6 col-md-4 col-xs-12 \"><div class=\"tm-client-logo-box-w\"><div class=\"tm-client-logo-tooltip\" data-tooltip=\"Archev\u00each\u00e9 de Pampelune\"><span class=\"themetechmount-box themetechmount-box-client themetechmount-box-view-boxed-logo themetechmount-client-box-view-boxed-logo\">\n\t\n\t\t<span class=\"themetechmount-item-thumbnail\">\n\t\t\t<span class=\"themetechmount-item-thumbnail-inner\">\n\t\t\t\t<img loading=\"lazy\" decoding=\"async\" width=\"312\" height=\"195\" src=\"https:\/\/misteriodeobanos.org\/wp-content\/uploads\/2021\/02\/archidiocesis.png\" class=\"attachment-full size-full wp-post-image\" alt=\"\" srcset=\"https:\/\/misteriodeobanos.org\/wp-content\/uploads\/2021\/02\/archidiocesis.png 312w, https:\/\/misteriodeobanos.org\/wp-content\/uploads\/2021\/02\/archidiocesis-300x188.png 300w\" sizes=\"auto, (max-width: 312px) 100vw, 312px\" data-id=\"2560\" \/>\n\t\t\t<\/span>\n\t\t<\/span><\/span>\n<\/div><\/div><!-- .tm-client-logo-box-w --> <\/div><div class=\"tm-box-col-wrapper col-lg-4 col-sm-6 col-md-4 col-xs-12 \"><div class=\"tm-client-logo-box-w\"><div class=\"tm-client-logo-tooltip\" data-tooltip=\"Conseil municipal d&rsquo;Obanos\"><span class=\"themetechmount-box themetechmount-box-client themetechmount-box-view-boxed-logo themetechmount-client-box-view-boxed-logo\">\n\t\n\t\t<span class=\"themetechmount-item-thumbnail\">\n\t\t\t<span class=\"themetechmount-item-thumbnail-inner\">\n\t\t\t\t<img loading=\"lazy\" decoding=\"async\" width=\"300\" height=\"188\" src=\"https:\/\/misteriodeobanos.org\/wp-content\/uploads\/2021\/02\/ayuntamientoObanos.png\" class=\"attachment-full size-full wp-post-image\" alt=\"\" data-id=\"2451\" \/>\n\t\t\t<\/span>\n\t\t<\/span><\/span>\n<\/div><\/div><!-- .tm-client-logo-box-w --> <\/div><div class=\"tm-box-col-wrapper col-lg-4 col-sm-6 col-md-4 col-xs-12 \"><div class=\"tm-client-logo-box-w\"><div class=\"tm-client-logo-tooltip\" data-tooltip=\"\u00c9glise paroissiale de San Juan Bautista de Obanos\"><span class=\"themetechmount-box themetechmount-box-client themetechmount-box-view-boxed-logo themetechmount-client-box-view-boxed-logo\">\n\t\n\t\t<span class=\"themetechmount-item-thumbnail\">\n\t\t\t<span class=\"themetechmount-item-thumbnail-inner\">\n\t\t\t\t<img loading=\"lazy\" decoding=\"async\" width=\"846\" height=\"384\" src=\"https:\/\/misteriodeobanos.org\/wp-content\/uploads\/2021\/02\/IglesiSanJuanBautistaObanos.jpg\" class=\"attachment-full size-full wp-post-image\" alt=\"\" srcset=\"https:\/\/misteriodeobanos.org\/wp-content\/uploads\/2021\/02\/IglesiSanJuanBautistaObanos.jpg 846w, https:\/\/misteriodeobanos.org\/wp-content\/uploads\/2021\/02\/IglesiSanJuanBautistaObanos-300x136.jpg 300w, https:\/\/misteriodeobanos.org\/wp-content\/uploads\/2021\/02\/IglesiSanJuanBautistaObanos-768x349.jpg 768w\" sizes=\"auto, (max-width: 846px) 100vw, 846px\" data-id=\"2454\" \/>\n\t\t\t<\/span>\n\t\t<\/span><\/span>\n<\/div><\/div><!-- .tm-client-logo-box-w --> <\/div><div class=\"tm-box-col-wrapper col-lg-4 col-sm-6 col-md-4 col-xs-12 \"><div class=\"tm-client-logo-box-w\"><div class=\"tm-client-logo-tooltip\" data-tooltip=\"Confr\u00e9rie des Ermites d&rsquo;Arnotegui\"><span class=\"themetechmount-box themetechmount-box-client themetechmount-box-view-boxed-logo themetechmount-client-box-view-boxed-logo\">\n\t\n\t\t<span class=\"themetechmount-item-thumbnail\">\n\t\t\t<span class=\"themetechmount-item-thumbnail-inner\">\n\t\t\t\t<img loading=\"lazy\" decoding=\"async\" width=\"463\" height=\"304\" src=\"https:\/\/misteriodeobanos.org\/wp-content\/uploads\/2021\/03\/ErmitanosArnotegui2.jpg\" class=\"attachment-full size-full wp-post-image\" alt=\"\" srcset=\"https:\/\/misteriodeobanos.org\/wp-content\/uploads\/2021\/03\/ErmitanosArnotegui2.jpg 463w, https:\/\/misteriodeobanos.org\/wp-content\/uploads\/2021\/03\/ErmitanosArnotegui2-300x197.jpg 300w\" sizes=\"auto, (max-width: 463px) 100vw, 463px\" data-id=\"2367\" \/>\n\t\t\t<\/span>\n\t\t<\/span><\/span>\n<\/div><\/div><!-- .tm-client-logo-box-w --> <\/div><div class=\"tm-box-col-wrapper col-lg-4 col-sm-6 col-md-4 col-xs-12 \"><div class=\"tm-client-logo-box-w\"><div class=\"tm-client-logo-tooltip\" data-tooltip=\"Association des amis du chemin de Saint-Jacques-de-Compostelle de Pampelune.\"><span class=\"themetechmount-box themetechmount-box-client themetechmount-box-view-boxed-logo themetechmount-client-box-view-boxed-logo\">\n\t\n\t\t<span class=\"themetechmount-item-thumbnail\">\n\t\t\t<span class=\"themetechmount-item-thumbnail-inner\">\n\t\t\t\t<img loading=\"lazy\" decoding=\"async\" width=\"312\" height=\"195\" src=\"https:\/\/misteriodeobanos.org\/wp-content\/uploads\/2021\/02\/asociacion-amigos-santiago-PAMPLONA.jpg\" class=\"attachment-full size-full wp-post-image\" alt=\"\" srcset=\"https:\/\/misteriodeobanos.org\/wp-content\/uploads\/2021\/02\/asociacion-amigos-santiago-PAMPLONA.jpg 312w, https:\/\/misteriodeobanos.org\/wp-content\/uploads\/2021\/02\/asociacion-amigos-santiago-PAMPLONA-300x188.jpg 300w\" sizes=\"auto, (max-width: 312px) 100vw, 312px\" data-id=\"2457\" \/>\n\t\t\t<\/span>\n\t\t<\/span><\/span>\n<\/div><\/div><!-- .tm-client-logo-box-w --> <\/div>\n\t\t\t\t<\/div>\n\t\t\t<\/div><!-- .themetechmount-boxes-inner -->   <\/div><!-- .themetechmount-boxes -->  [\/vc_column][\/vc_row]<\/p>\n<\/div>","protected":false},"excerpt":{"rendered":"<p>[vc_row][vc_column][vc_empty_space height=\u00a0\u00bb60px\u00a0\u00bb][vc_empty_space][\/vc_column][\/vc_row][vc_row][vc_column][vc_column_text]Depuis sa constitution en 1993, la pr\u00e9sidence de la Fondation a \u00e9t\u00e9 exerc\u00e9e jusqu&rsquo;en 1998 par le Gouvernement de Navarre, en la personne de son Ministre de l&rsquo;\u00c9ducation et de la Culture. Apr\u00e8s cette premi\u00e8re \u00e9tape, la pr\u00e9sidence passa \u00e0 l&rsquo;Ermite Maire de la Confr\u00e9rie des Ermites d&rsquo;Arnotegui ou \u00e0 une personne d\u00e9sign\u00e9e par &hellip; <a href=\"https:\/\/misteriodeobanos.org\/fr\/client\/client-six\/\" class=\"more-link\">Continue reading <span class=\"screen-reader-text\">Association des amis du chemin de Saint-Jacques-de-Compostelle de Pampelune.<\/span><\/a><\/p>\n","protected":false},"author":1,"featured_media":0,"parent":2721,"menu_order":0,"comment_status":"closed","ping_status":"closed","template":"","meta":{"rs_blank_template":"","rs_page_bg_color":"","slide_template_v7":"","_monsterinsights_skip_tracking":false,"_monsterinsights_sitenote_active":false,"_monsterinsights_sitenote_note":"","_monsterinsights_sitenote_category":0,"footnotes":""},"class_list":["post-2770","page","type-page","status-publish","hentry"],"_links":{"self":[{"href":"https:\/\/misteriodeobanos.org\/fr\/wp-json\/wp\/v2\/pages\/2770","targetHints":{"allow":["GET"]}}],"collection":[{"href":"https:\/\/misteriodeobanos.org\/fr\/wp-json\/wp\/v2\/pages"}],"about":[{"href":"https:\/\/misteriodeobanos.org\/fr\/wp-json\/wp\/v2\/types\/page"}],"author":[{"embeddable":true,"href":"https:\/\/misteriodeobanos.org\/fr\/wp-json\/wp\/v2\/users\/1"}],"replies":[{"embeddable":true,"href":"https:\/\/misteriodeobanos.org\/fr\/wp-json\/wp\/v2\/comments?post=2770"}],"version-history":[{"count":4,"href":"https:\/\/misteriodeobanos.org\/fr\/wp-json\/wp\/v2\/pages\/2770\/revisions"}],"predecessor-version":[{"id":4080,"href":"https:\/\/misteriodeobanos.org\/fr\/wp-json\/wp\/v2\/pages\/2770\/revisions\/4080"}],"up":[{"embeddable":true,"href":"https:\/\/misteriodeobanos.org\/fr\/wp-json\/wp\/v2\/pages\/2721"}],"wp:attachment":[{"href":"https:\/\/misteriodeobanos.org\/fr\/wp-json\/wp\/v2\/media?parent=2770"}],"curies":[{"name":"wp","href":"https:\/\/api.w.org\/{rel}","templated":true}]}}