{"id":2744,"date":"2022-05-20T16:31:40","date_gmt":"2022-05-20T16:31:40","guid":{"rendered":"https:\/\/misteriodeobanos.org\/foundation\/comunidades-jacobeas\/"},"modified":"2022-06-13T14:58:12","modified_gmt":"2022-06-13T14:58:12","slug":"communautes-jacobines","status":"publish","type":"page","link":"https:\/\/misteriodeobanos.org\/fr\/foundation\/communautes-jacobines\/","title":{"rendered":"COMMUNAUT\u00c9S JACOBINES"},"content":{"rendered":"<div class=\"wpb-content-wrapper\"><p>[vc_row][vc_column]<h2 style=\"text-align:left;color:#c3002f;\" class=\"tm-custom-heading \" >Membres honoraires<\/h2>\n[\/vc_column][\/vc_row][vc_row][vc_column][vc_empty_space][vc_column_text]La Fondation Misterio de Obanos a d\u00e9cid\u00e9 en 2001 de cr\u00e9er la figure de \u00a0\u00bb membre honoraire \u00ab\u00a0, ainsi que d&rsquo;offrir cette distinction \u00e0 toutes les Communaut\u00e9s autonomes li\u00e9es au Camino de Santiago, dans le cadre historique desquelles prend vie la l\u00e9gende de San Guill\u00e9n et Santa Felicia, plus connue sous le nom de Misterio de Obanos.[\/vc_column_text][vc_column_text]Le statut de \u00ab\u00a0membre honoraire\u00a0\u00bb conf\u00e8re \u00e0 ses titulaires le droit de participer avec voix mais sans vote aux r\u00e9unions du Conseil de la Fondation, ainsi que d&rsquo;assumer l&rsquo;engagement de r\u00e9aliser le travail de diffusion de cette repr\u00e9sentation populaire dans les zones territoriales respectives.[\/vc_column_text][vc_column_text]En mars 2002, la quasi-totalit\u00e9 des communaut\u00e9s autonomes li\u00e9es au chemin de Saint-Jacques ont officiellement accept\u00e9 d&rsquo;adh\u00e9rer \u00e0 la Fondation en tant que \u00ab\u00a0membres honoraires\u00a0\u00bb.[\/vc_column_text][\/vc_column][\/vc_row][vc_row][vc_column][vc_empty_space][vc_empty_space][vc_column_text]<strong>Les membres d&rsquo;honneur de la Fondation du Myst\u00e8re Obanos sont les suivants :<\/strong>[\/vc_column_text]<ul class=\"tm-list tm-list-style-icon tm-list-icon-color-skincolor tm- tm-icon-skincolor tm-list-textsize- tm-list-icon-library-fontawesome\"><li><i class=\"tm-skincolor fa fa-caret-right\"><\/i>  <span class=\"tm-list-li-content\">Personne repr\u00e9sentant le gouvernement de la Communaut\u00e9 autonome de Navarre.<\/span><\/li><li><i class=\"tm-skincolor fa fa-caret-right\"><\/i>  <span class=\"tm-list-li-content\">Personne repr\u00e9sentant la Xunta de Galicia.<\/span><\/li><li><i class=\"tm-skincolor fa fa-caret-right\"><\/i>  <span class=\"tm-list-li-content\">Personne repr\u00e9sentant le gouvernement de la Communaut\u00e9 d'Aragon.<\/span><\/li><li><i class=\"tm-skincolor fa fa-caret-right\"><\/i>  <span class=\"tm-list-li-content\">Personne repr\u00e9sentant le gouvernement de la Communaut\u00e9 de La Rioja.<\/span><\/li><li><i class=\"tm-skincolor fa fa-caret-right\"><\/i>  <span class=\"tm-list-li-content\">Personne repr\u00e9sentant le gouvernement de la Communaut\u00e9 de Cantabrie.<\/span><\/li><li><i class=\"tm-skincolor fa fa-caret-right\"><\/i>  <span class=\"tm-list-li-content\">Personne repr\u00e9sentant le gouvernement de la Communaut\u00e9 de Castilla-Le\u00f3n.<\/span><\/li><li><i class=\"tm-skincolor fa fa-caret-right\"><\/i>  <span class=\"tm-list-li-content\">Personne repr\u00e9sentant le gouvernement de la Communaut\u00e9 du Pays basque.<\/span><\/li><\/ul>[\/vc_column][\/vc_row][vc_row][vc_column][vc_single_image image=\u00a0\u00bb1906&Prime; img_size=\u00a0\u00bbfull\u00a0\u00bb][\/vc_column][\/vc_row]<\/p>\n<\/div>","protected":false},"excerpt":{"rendered":"<p>[vc_row][vc_column][\/vc_column][\/vc_row][vc_row][vc_column][vc_empty_space][vc_column_text]La Fondation Misterio de Obanos a d\u00e9cid\u00e9 en 2001 de cr\u00e9er la figure de \u00a0\u00bb membre honoraire \u00ab\u00a0, ainsi que d&rsquo;offrir cette distinction \u00e0 toutes les Communaut\u00e9s autonomes li\u00e9es au Camino de Santiago, dans le cadre historique desquelles prend vie la l\u00e9gende de San Guill\u00e9n et Santa Felicia, plus connue sous le nom de Misterio &hellip; <a href=\"https:\/\/misteriodeobanos.org\/fr\/foundation\/communautes-jacobines\/\" class=\"more-link\">Continue reading <span class=\"screen-reader-text\">COMMUNAUT\u00c9S JACOBINES<\/span><\/a><\/p>\n","protected":false},"author":1,"featured_media":0,"parent":2721,"menu_order":0,"comment_status":"closed","ping_status":"closed","template":"","meta":{"_monsterinsights_skip_tracking":false,"_monsterinsights_sitenote_active":false,"_monsterinsights_sitenote_note":"","_monsterinsights_sitenote_category":0,"footnotes":""},"class_list":["post-2744","page","type-page","status-publish","hentry"],"_links":{"self":[{"href":"https:\/\/misteriodeobanos.org\/fr\/wp-json\/wp\/v2\/pages\/2744","targetHints":{"allow":["GET"]}}],"collection":[{"href":"https:\/\/misteriodeobanos.org\/fr\/wp-json\/wp\/v2\/pages"}],"about":[{"href":"https:\/\/misteriodeobanos.org\/fr\/wp-json\/wp\/v2\/types\/page"}],"author":[{"embeddable":true,"href":"https:\/\/misteriodeobanos.org\/fr\/wp-json\/wp\/v2\/users\/1"}],"replies":[{"embeddable":true,"href":"https:\/\/misteriodeobanos.org\/fr\/wp-json\/wp\/v2\/comments?post=2744"}],"version-history":[{"count":2,"href":"https:\/\/misteriodeobanos.org\/fr\/wp-json\/wp\/v2\/pages\/2744\/revisions"}],"predecessor-version":[{"id":2753,"href":"https:\/\/misteriodeobanos.org\/fr\/wp-json\/wp\/v2\/pages\/2744\/revisions\/2753"}],"up":[{"embeddable":true,"href":"https:\/\/misteriodeobanos.org\/fr\/wp-json\/wp\/v2\/pages\/2721"}],"wp:attachment":[{"href":"https:\/\/misteriodeobanos.org\/fr\/wp-json\/wp\/v2\/media?parent=2744"}],"curies":[{"name":"wp","href":"https:\/\/api.w.org\/{rel}","templated":true}]}}