{"id":2696,"date":"2022-06-04T09:39:37","date_gmt":"2022-06-04T09:39:37","guid":{"rendered":"https:\/\/misteriodeobanos.org\/colabora\/"},"modified":"2022-06-14T17:10:28","modified_gmt":"2022-06-14T17:10:28","slug":"collaborer","status":"publish","type":"page","link":"https:\/\/misteriodeobanos.org\/fr\/collaborer\/","title":{"rendered":"COLLABORER"},"content":{"rendered":"<div class=\"wpb-content-wrapper\"><p>[vc_row tm_bgimagefixed=\u00a0\u00bb\u00a0\u00bb break_in_responsive=\u00a0\u00bb991&Prime; full_width=\u00a0\u00bbstretch_row\u00a0\u00bb tm_responsive_css=\u00a0\u00bb41793898|colbreak_no|||||||||colbreak_no|||||0px||20px||colbreak_no||||||||||colbreak_no|||||||||\u00a0\u00bb css=\u00a0\u00bb.vc_custom_1615960871360{padding-bottom: 0px !important;}\u00a0\u00bb][vc_column width=\u00a0\u00bb1\/2&Prime; tm_responsive_css=\u00a0\u00bb23101184|colbreak_no|||||||||colbreak_no|||||20px||||colbreak_no||||||||||colbreak_no|||||||||\u00a0\u00bb][vc_single_image image=\u00a0\u00bb2036&Prime; img_size=\u00a0\u00bbfull\u00a0\u00bb css=\u00a0\u00bb.vc_custom_1654336315391{padding-top: 80px !important;}\u00a0\u00bb][\/vc_column][vc_column width=\u00a0\u00bb1\/2&Prime;]<div class=\"tm-element-heading-wrapper tm-heading-inner tm-element-align-left tm-seperator-none tm-heading-style-vertical \"><section class=\"tm-vc_cta3-container\"><div class=\"tm-vc_general tm-vc_cta3 tm-cta3-only tm-vc_cta3-style-classic tm-vc_cta3-shape-rounded tm-vc_cta3-align-left tm-vc_cta3-color-transparent tm-vc_cta3-icon-size-md tm-vc_cta3-actions-no tm-cta3-with-desc\"><div class=\"tm-vc_cta3_content-container\"><div class=\"tm-vc_cta3-content\"><header class=\"tm-vc_cta3-content-header tm-wrap\"><div class=\"tm-vc_cta3-headers tm-wrap-cell\"><h4 class=\"tm-custom-heading \" >MECNA<\/h4>\n<h2 class=\"tm-custom-heading \" >Le nouveau <b>Mod\u00e8le de partenariat<\/b><\/h2>\n<\/div><div class=\"heading-seperator\"><span><\/span><\/div><\/header><div class=\"tm-cta3-content-wrapper\"><p>La loi sur le m\u00e9c\u00e9nat culturel de Navarre \u00e9tablit un nouveau mod\u00e8le de collaboration public-priv\u00e9 pour la mise en \u0153uvre de projets ou d&rsquo;activit\u00e9s culturelles. Les entit\u00e9s et les artistes peuvent b\u00e9n\u00e9ficier de la distinction MECNA, d\u00e9cern\u00e9e par le gouvernement de Navarre aux initiatives culturelles et artistiques d&rsquo;int\u00e9r\u00eat social. Et les particuliers et les entreprises qui les soutiennent b\u00e9n\u00e9ficient d&rsquo;incitations fiscales importantes.<\/p><\/div><\/div><\/div><\/div><\/section><\/div> <!-- .tm-element-heading-wrapper container --> [vc_row_inner css=\u00a0\u00bb.vc_custom_1615295241739{padding-top: 20px !important;}\u00a0\u00bb][vc_column_inner][vc_column_text el_class=\u00a0\u00bbtm-highlight-quote\u00a0\u00bb]<\/p>\n<blockquote><p>MECNA reconna\u00eet l&rsquo;engagement des citoyens, du monde des affaires et de la soci\u00e9t\u00e9 en faveur de la promotion et du financement de la culture. <a href=\"https:\/\/www.culturanavarra.es\/es\/proyectos-mecna\/misterio-de-obanos-y-actividades-paralelas\">Le Myst\u00e8re d&rsquo;Obanos et ses activit\u00e9s parall\u00e8les<\/a>, en tant que projet, ont \u00e9t\u00e9 distingu\u00e9s en janvier 2021 comme MECNA par la <a href=\"https:\/\/www.culturanavarra.es\/es\">Direction g\u00e9n\u00e9rale de la culture &#8211; Instituci\u00f3n Pr\u00edncipe de Viana<\/a>. C&rsquo;est pourquoi nous vous demandons votre soutien.<\/p><\/blockquote>\n<p>[\/vc_column_text][\/vc_column_inner][\/vc_row_inner][vc_row_inner el_class=\u00a0\u00bbtm-column-inline\u00a0\u00bb css=\u00a0\u00bb.vc_custom_1615295126923{padding-top: 20px !important;}\u00a0\u00bb][vc_column_inner width=\u00a0\u00bb1\/3&Prime;][\/vc_column_inner][vc_column_inner width=\u00a0\u00bb2\/3&Prime; css=\u00a0\u00bb.vc_custom_1615295101954{padding-top: 20px !important;}\u00a0\u00bb]<h2 style=\"text-align:left;font-size:20px;line-height:26px;\" class=\"tm-custom-heading vc_custom_1654945937045\" ><a href=\"https:\/\/www.culturanavarra.es\/es\/proyectos-mecna\/misterio-de-obanos-y-actividades-paralelas\" target=\"_blank\">Myst\u00e8re d'Obanos et activit\u00e9s parall\u00e8les<\/a><\/h2>\n[\/vc_column_inner][\/vc_row_inner][vc_empty_space][vc_empty_space][\/vc_column][\/vc_row][vc_row tm_bgcolor=\u00a0\u00bbdarkgrey\u00a0\u00bb tm_bgimagefixed=\u00a0\u00bb\u00a0\u00bb full_width=\u00a0\u00bbstretch_row\u00a0\u00bb css=\u00a0\u00bb.vc_custom_1653060994458{background-image: url(https:\/\/misteriodeobanos.org\/wp-content\/uploads\/2022\/05\/fondo1a.jpg?id=1871) !important;background-position: center !important;background-repeat: no-repeat !important;background-size: cover !important;}\u00a0\u00bb][vc_column][vc_row_inner][vc_column_inner width=\u00a0\u00bb1\/2&Prime;][vc_empty_space][vc_column_text]<span style=\"color: #ffffff;\"><strong>INDIVIDUS<\/strong><\/span><br \/>\n<span style=\"color: #ffffff;\">Les particuliers ont le droit de d\u00e9duire de leur imp\u00f4t sur le revenu 80 % des 150 premiers euros de la valeur des dons, des pr\u00eats \u00e0 usage et des montants vers\u00e9s et des d\u00e9penses engag\u00e9es dans le cadre d&rsquo;accords de collaboration. \u00c0 partir des 150 premiers euros, une d\u00e9duction de 40 % est possible.<\/span>[\/vc_column_text][\/vc_column_inner][vc_column_inner width=\u00a0\u00bb1\/2&Prime;][vc_empty_space][vc_column_text]<span style=\"color: #ffffff;\"><strong>EXEMPLE POUR UN DON DE 200 EUROS<\/strong><\/span><\/p>\n<ul>\n<li><span style=\"color: #ffffff;\">Premi\u00e8re tranche de 150 \u20ac (d\u00e9duction de 80 % = 120 \u20ac)<\/span><\/li>\n<li><span style=\"color: #ffffff;\">Repos : 50\u20ac (40% de d\u00e9duction = 20\u20ac)<\/span><\/li>\n<li><span style=\"color: #ffffff;\">D\u00e9duction totale : 120\u20ac + 20\u20ac = 140\u20ac.<\/span><\/li>\n<\/ul>\n<p>[\/vc_column_text][\/vc_column_inner][\/vc_row_inner][vc_row_inner][vc_column_inner][vc_column_text]<span style=\"color: #ffffff;\"><strong>SOCI\u00c9T\u00c9S<\/strong><\/span><br \/>\n<span style=\"color: #ffffff;\">Les contribuables de l&rsquo;imp\u00f4t sur les soci\u00e9t\u00e9s b\u00e9n\u00e9ficieront de deux avantages fiscaux.<\/span><\/p>\n<ol>\n<li><span style=\"color: #ffffff;\">Les montants auxquels sont \u00e9valu\u00e9s les dons et les pr\u00eats d&rsquo;usage, ou les montants et les d\u00e9penses engag\u00e9s dans le cadre d&rsquo;accords de collaboration, seront consid\u00e9r\u00e9s comme d\u00e9ductibles.<\/span><\/li>\n<li><span style=\"color: #ffffff;\">En outre, pour ces m\u00eames montants, ils auront droit \u00e0 une d\u00e9duction dans l&rsquo;imp\u00f4t net \u00e0 payer de 30 % des premiers 300 \u20ac. \u00c0 partir des 300 premiers euros, ils auront droit \u00e0 une d\u00e9duction de 20 % de l&rsquo;imp\u00f4t net \u00e0 payer.<\/span><\/li>\n<\/ol>\n<p>[\/vc_column_text][vc_column_text]<span style=\"color: #ffffff;\"><strong>QUE RECEVREZ-VOUS EN RETOUR ?<\/strong><\/span><br \/>\n<span style=\"color: #ffffff;\">La loi sur le m\u00e9c\u00e9nat consid\u00e8re que ce type d&rsquo;aide est d\u00e9sint\u00e9ress\u00e9 et que, par cons\u00e9quent, il ne doit pas y avoir de contrepartie en plus du b\u00e9n\u00e9fice fiscal de ma contribution. Par votre contribution, vous d\u00e9fendez la diversit\u00e9 des expressions culturelles et l&rsquo;\u00e9mergence d&rsquo;une citoyennet\u00e9 culturelle.<\/span>[\/vc_column_text][\/vc_column_inner][\/vc_row_inner][vc_row_inner][vc_column_inner][vc_column_text]<\/p>\n<blockquote><p><span style=\"color: #000000;\">Les personnes qui collaborent en tant que m\u00e9c\u00e8nes seront consid\u00e9r\u00e9es comme des <strong>AMIS DE LA MYST\u00c8RE<\/strong> pendant l&rsquo;ann\u00e9e de la contribution.\u00a0<\/span><\/p><\/blockquote>\n<p>[\/vc_column_text][\/vc_column_inner][\/vc_row_inner][\/vc_column][\/vc_row][vc_row][vc_column][vc_cta h2=\u00a0\u00bb\u00a0\u00bb h4=\u00a0\u00bbSi vous avez des questions, veuillez nous contacter\u00a0\u00bb txt_align=\u00a0\u00bbcenter\u00a0\u00bb add_button=\u00a0\u00bbright\u00a0\u00bb btn_title=\u00a0\u00bbCONTACT\u00a0\u00bb btn_color=\u00a0\u00bbjuicy-pink\u00a0\u00bb btn_align=\u00a0\u00bbright\u00a0\u00bb btn_i_icon_fontawesome=\u00a0\u00bbfas fa-marker\u00a0\u00bb add_icon=\u00a0\u00bbleft\u00a0\u00bb i_icon_fontawesome=\u00a0\u00bbfar fa-envelope\u00a0\u00bb i_color=\u00a0\u00bbcustom\u00a0\u00bb btn_add_icon=\u00a0\u00bbtrue\u00a0\u00bb i_on_border=\u00a0\u00bbtrue\u00a0\u00bb i_link=\u00a0\u00bburl:%2Fcontacto\u00a0\u00bb btn_link=\u00a0\u00bburl:https%3A%2F%2Fmisteriodeobanos.org%2Ffr%2Fcontact%2F|title:CONTACT\u00a0\u00bb i_custom_color=\u00a0\u00bb#c3002f\u00a0\u00bb][\/vc_cta][\/vc_column][\/vc_row][vc_row tm_bgcolor=\u00a0\u00bbgrey\u00a0\u00bb tm_bgimagefixed=\u00a0\u00bb\u00a0\u00bb full_width=\u00a0\u00bbstretch_row\u00a0\u00bb disable_element=\u00a0\u00bbyes\u00a0\u00bb css=\u00a0\u00bb.vc_custom_1653038203102{margin-top: -150px !important;padding-top: 145px !important;padding-bottom: 80px !important;}\u00a0\u00bb tm_responsive_css=\u00a0\u00bb42472034|colbreak_no|||||||||colbreak_no|0px||||40px|15px|0px||colbreak_no||||||||||colbreak_no|||||||||\u00a0\u00bb el_class=\u00a0\u00bbtm-custome-processbox-new-style tm-custome-about-new-style\u00a0\u00bb][vc_column]<div class=\"themetechmount-boxes themetechmount-boxes-service themetechmount-boxes-view-carousel themetechmount-boxes-col-three themetechmount-boxes-sortable-no themetechmount-boxes-textalign-center tm-cta3-rev-heading tm-boxes-carousel-arrow-round tm-boxes-carousel-arrows-hide\" data-tm-speed=\"1500\" data-tm-autoplay=\"0\" data-tm-autoplayspeed=\"4500\" data-tm-loop=\"1\" data-tm-dots=\"0\" data-tm-nav=\"hide\" data-tm-centermode=\"0\" data-tm-arrowtype=\"round\" data-tm-pauseonfocus=\"1\" data-tm-pauseonhover=\"1\" data-tm-slidestoscroll=\"1\" data-tm-effecttype=\"slide\">\n\t\t<div class=\"themetechmount-boxes-inner themetechmount-boxes-service-inner \"><div class=\"themetechmount-box-heading-wrapper tm-element-align-center\"><div class=\"tm-element-heading-wrapper tm-heading-inner tm-element-align-center tm-seperator-none tm-heading-style-vertical \"><section class=\"tm-vc_cta3-container\"><div class=\"tm-vc_general tm-vc_cta3 tm-cta3-only tm-vc_cta3-style-classic tm-vc_cta3-shape-rounded tm-vc_cta3-align-center tm-vc_cta3-color-transparent tm-vc_cta3-icon-size-md tm-vc_cta3-actions-no tm-cta3-without-desc\"><div class=\"tm-vc_cta3_content-container\"><div class=\"tm-vc_cta3-content\"><header class=\"tm-vc_cta3-content-header tm-wrap\"><div class=\"tm-vc_cta3-headers tm-wrap-cell\"><h4 class=\"tm-custom-heading \" >Business Grow<\/h4>\n<h2 class=\"tm-custom-heading \" >Your Business <b>Grow &amp; Successful<\/b><\/h2>\n<\/div><div class=\"heading-seperator\"><span><\/span><\/div><\/header><\/div><\/div><\/div><\/section><\/div> <!-- .tm-element-heading-wrapper container --> <\/div> <!-- .tm-element-heading-wrapper container --> <\/div><!-- .themetechmount-boxes-inner -->   <\/div><!-- .themetechmount-boxes -->  [\/vc_column][\/vc_row]<\/p>\n<\/div>","protected":false},"excerpt":{"rendered":"<p>[vc_row tm_bgimagefixed=\u00a0\u00bb\u00a0\u00bb break_in_responsive=\u00a0\u00bb991&Prime; full_width=\u00a0\u00bbstretch_row\u00a0\u00bb tm_responsive_css=\u00a0\u00bb41793898|colbreak_no|||||||||colbreak_no|||||0px||20px||colbreak_no||||||||||colbreak_no|||||||||\u00a0\u00bb css=\u00a0\u00bb.vc_custom_1615960871360{padding-bottom: 0px !important;}\u00a0\u00bb][vc_column width=\u00a0\u00bb1\/2&Prime; tm_responsive_css=\u00a0\u00bb23101184|colbreak_no|||||||||colbreak_no|||||20px||||colbreak_no||||||||||colbreak_no|||||||||\u00a0\u00bb][vc_single_image image=\u00a0\u00bb2036&Prime; img_size=\u00a0\u00bbfull\u00a0\u00bb css=\u00a0\u00bb.vc_custom_1654336315391{padding-top: 80px !important;}\u00a0\u00bb][\/vc_column][vc_column width=\u00a0\u00bb1\/2&Prime;][vc_row_inner css=\u00a0\u00bb.vc_custom_1615295241739{padding-top: 20px !important;}\u00a0\u00bb][vc_column_inner][vc_column_text el_class=\u00a0\u00bbtm-highlight-quote\u00a0\u00bb] MECNA reconna\u00eet l&rsquo;engagement des citoyens, du monde des affaires et de la soci\u00e9t\u00e9 en faveur de la promotion et du financement de la culture. Le Myst\u00e8re d&rsquo;Obanos et ses activit\u00e9s parall\u00e8les, en tant que projet, &hellip; <a href=\"https:\/\/misteriodeobanos.org\/fr\/collaborer\/\" class=\"more-link\">Continue reading <span class=\"screen-reader-text\">COLLABORER<\/span><\/a><\/p>\n","protected":false},"author":1,"featured_media":0,"parent":0,"menu_order":0,"comment_status":"closed","ping_status":"closed","template":"","meta":{"rs_blank_template":"","rs_page_bg_color":"","slide_template_v7":"","_monsterinsights_skip_tracking":false,"_monsterinsights_sitenote_active":false,"_monsterinsights_sitenote_note":"","_monsterinsights_sitenote_category":0,"footnotes":""},"class_list":["post-2696","page","type-page","status-publish","hentry"],"_links":{"self":[{"href":"https:\/\/misteriodeobanos.org\/fr\/wp-json\/wp\/v2\/pages\/2696","targetHints":{"allow":["GET"]}}],"collection":[{"href":"https:\/\/misteriodeobanos.org\/fr\/wp-json\/wp\/v2\/pages"}],"about":[{"href":"https:\/\/misteriodeobanos.org\/fr\/wp-json\/wp\/v2\/types\/page"}],"author":[{"embeddable":true,"href":"https:\/\/misteriodeobanos.org\/fr\/wp-json\/wp\/v2\/users\/1"}],"replies":[{"embeddable":true,"href":"https:\/\/misteriodeobanos.org\/fr\/wp-json\/wp\/v2\/comments?post=2696"}],"version-history":[{"count":3,"href":"https:\/\/misteriodeobanos.org\/fr\/wp-json\/wp\/v2\/pages\/2696\/revisions"}],"predecessor-version":[{"id":2707,"href":"https:\/\/misteriodeobanos.org\/fr\/wp-json\/wp\/v2\/pages\/2696\/revisions\/2707"}],"wp:attachment":[{"href":"https:\/\/misteriodeobanos.org\/fr\/wp-json\/wp\/v2\/media?parent=2696"}],"curies":[{"name":"wp","href":"https:\/\/api.w.org\/{rel}","templated":true}]}}