{"id":2646,"date":"2022-06-10T15:06:43","date_gmt":"2022-06-10T15:06:43","guid":{"rendered":"https:\/\/misteriodeobanos.org\/politica-de-cookies\/"},"modified":"2022-06-11T09:26:33","modified_gmt":"2022-06-11T09:26:33","slug":"politique-de-cookies","status":"publish","type":"page","link":"https:\/\/misteriodeobanos.org\/fr\/politique-de-cookies\/","title":{"rendered":"Politique de cookies"},"content":{"rendered":"<h2>POLITIQUE DE COOKIES<\/h2>\n<div id=\"clickdatos\">\n<p>Sur le site web https:\/\/misteriodeobanos.org (ci-apr\u00e8s, le site web), nous utilisons des cookies pour faciliter la relation entre les visiteurs et notre contenu et pour nous permettre d&rsquo;\u00e9tablir des statistiques sur les visiteurs que nous recevons.<\/p>\n<p>Nous vous informons que nous pouvons utiliser des cookies afin de faciliter votre navigation sur le site Web, de vous distinguer des autres utilisateurs, de vous offrir une meilleure exp\u00e9rience dans l&rsquo;utilisation du site Web et d&rsquo;identifier les probl\u00e8mes afin d&rsquo;am\u00e9liorer notre site Web.<\/p>\n<p>Que sont les cookies ?<br \/>\nLes cookies sont de petits fichiers qui sont enregistr\u00e9s dans le navigateur utilis\u00e9 par chaque visiteur de notre site web afin que le serveur puisse se souvenir de la visite de cet utilisateur \u00e0 une date ult\u00e9rieure lorsqu&rsquo;il acc\u00e8de \u00e0 nouveau \u00e0 notre contenu. Ces informations ne r\u00e9v\u00e8lent pas votre identit\u00e9 ni vos donn\u00e9es personnelles et ne permettent pas d&rsquo;acc\u00e9der au contenu stock\u00e9 sur votre ordinateur, mais elles permettent \u00e0 notre syst\u00e8me de vous identifier en tant qu&rsquo;utilisateur sp\u00e9cifique ayant d\u00e9j\u00e0 visit\u00e9 le site web, consult\u00e9 certaines pages, etc. et elles nous permettent \u00e9galement d&rsquo;enregistrer vos pr\u00e9f\u00e9rences personnelles et vos informations techniques.<\/p>\n<p>Conform\u00e9ment \u00e0 la directive 2009\/136\/CE, transpos\u00e9e dans notre l\u00e9gislation par l&rsquo;article 22, alin\u00e9a 2, de la LSSI, en suivant les directives de l&rsquo;AEPD, nous proc\u00e9dons \u00e0 une information d\u00e9taill\u00e9e sur l&rsquo;utilisation de notre site web.<\/p>\n<p>Vous trouverez ci-dessous une classification des cookies en fonction d&rsquo;une s\u00e9rie de cat\u00e9gories. Toutefois, il est n\u00e9cessaire de garder \u00e0 l&rsquo;esprit qu&rsquo;un m\u00eame cookie peut \u00eatre inclus dans plus d&rsquo;une cat\u00e9gorie.<\/p>\n<p>Types de cookies en fonction de l&rsquo;entit\u00e9 qui les g\u00e8re<\/p>\n<p>Cookies de premi\u00e8re partie : Ce sont ceux qui sont envoy\u00e9s \u00e0 l&rsquo;\u00e9quipement terminal de l&rsquo;utilisateur \u00e0 partir d&rsquo;un ordinateur ou d&rsquo;un domaine g\u00e9r\u00e9 par l&rsquo;\u00e9diteur lui-m\u00eame.<br \/>\nCookies tiers : Ce sont ceux qui sont envoy\u00e9s \u00e0 l&rsquo;\u00e9quipement terminal de l&rsquo;utilisateur depuis un ordinateur ou un domaine qui n&rsquo;est pas g\u00e9r\u00e9 par l&rsquo;\u00e9diteur, mais par une autre entit\u00e9 qui traite les donn\u00e9es.<\/p>\n<p>Types de cookies en fonction de leur dur\u00e9e d&rsquo;activit\u00e9<\/p>\n<p>Cookies de session : il s&rsquo;agit d&rsquo;un type de cookie con\u00e7u pour collecter et stocker des donn\u00e9es pendant que l&rsquo;utilisateur acc\u00e8de \u00e0 un site web.<br \/>\nCookies persistants : Il s&rsquo;agit d&rsquo;un type de cookie dans lequel les donn\u00e9es restent stock\u00e9es dans le terminal et peuvent \u00eatre consult\u00e9es et trait\u00e9es pendant une p\u00e9riode d\u00e9finie par la partie responsable du cookie, qui peut aller de quelques minutes \u00e0 plusieurs ann\u00e9es.<\/p>\n<p>Types de cookies en fonction de leur finalit\u00e9<\/p>\n<p>Cookies techniques : ceux qui permettent \u00e0 l&rsquo;utilisateur de naviguer sur un site web, une plateforme ou une application et d&rsquo;utiliser les diff\u00e9rentes options ou services qui y existent.<br \/>\nCookies de personnalisation : ceux qui permettent \u00e0 l&rsquo;utilisateur d&rsquo;acc\u00e9der au service avec certaines caract\u00e9ristiques g\u00e9n\u00e9rales pr\u00e9d\u00e9finies en fonction d&rsquo;une s\u00e9rie de crit\u00e8res dans le terminal de l&rsquo;utilisateur.<br \/>\nCookies publicitaires : Ce sont ceux qui permettent de g\u00e9rer, de la mani\u00e8re la plus efficace possible, les espaces publicitaires que, le cas \u00e9ch\u00e9ant, l&rsquo;\u00e9diteur a inclus sur une page web.<br \/>\nCookies de publicit\u00e9 comportementale : Ce sont des cookies qui permettent de g\u00e9rer, de la mani\u00e8re la plus efficace possible, les espaces publicitaires que, le cas \u00e9ch\u00e9ant, l&rsquo;\u00e9diteur a inclus sur une page web. Ces cookies stockent des informations sur le comportement des utilisateurs obtenues par l&rsquo;observation continue de leurs habitudes de navigation, ce qui permet de d\u00e9velopper un profil sp\u00e9cifique afin d&rsquo;afficher des publicit\u00e9s bas\u00e9es sur ce dernier.<br \/>\nCookies d&rsquo;analyse : ces cookies permettent \u00e0 la partie qui en est responsable de suivre et d&rsquo;analyser le comportement des utilisateurs des sites web auxquels ils sont li\u00e9s. Les informations recueillies par ce type de cookies sont utilis\u00e9es pour mesurer l&rsquo;activit\u00e9 des sites web, afin d&rsquo;introduire des am\u00e9liorations bas\u00e9es sur l&rsquo;analyse des donn\u00e9es d&rsquo;utilisation des utilisateurs du service.<\/p>\n<p>Actuellement, la plupart des navigateurs sont configur\u00e9s par d\u00e9faut pour bloquer l&rsquo;installation de cookies publicitaires ou tiers sur votre ordinateur. L&rsquo;utilisateur peut \u00e9tendre les restrictions d&rsquo;origine, en emp\u00eachant l&rsquo;entr\u00e9e de tout type de cookies, ou \u00e9liminer ces restrictions, en acceptant l&rsquo;entr\u00e9e de tout type de cookies. Si vous souhaitez accepter les cookies publicitaires ou de tiers, vous pouvez configurer votre navigateur \u00e0 cet effet.<\/p>\n<p>L&rsquo;acceptation faite par l&rsquo;utilisateur, en cliquant sur le bouton ACCEPTER indiqu\u00e9 dans l&rsquo;information initiale sur les cookies, implique que vous consentez express\u00e9ment au responsable de son utilisation, et peut exercer ses droits et r\u00e9voquer son consentement \u00e0 tout moment, \u00e0 travers une demande \u00e0 la Fundaci\u00f3n Misterio de Obanos.<\/p>\n<p>Vous trouverez ci-dessous des informations d\u00e9taill\u00e9es sur tous les cookies qui peuvent \u00eatre install\u00e9s sur notre site web. En fonction de vos habitudes de navigation, de la configuration de votre navigateur et du fait que vous les acceptez ou les refusez, tous ou seulement certains d&rsquo;entre eux peuvent \u00eatre install\u00e9s.<\/p>\n<div id=\"listadodecookies\">\n<table style=\"border: 1px solid black;\">\n<tbody>\n<tr align=\"center\">\n<td style=\"border: 1px solid black;\">Nom<\/td>\n<td style=\"border: 1px solid black;\">Cat\u00e9gorie<\/td>\n<td style=\"border: 1px solid black;\">Description<\/td>\n<td style=\"border: 1px solid black;\">Propri\u00e9t\u00e9<\/td>\n<td style=\"border: 1px solid black;\">Dur\u00e9e<\/td>\n<\/tr>\n<tr id=\"\" align=\"center\">\n<td style=\"border: 1px solid black;\"><\/td>\n<td style=\"border: 1px solid black;\"><\/td>\n<td style=\"border: 1px solid black;\"><\/td>\n<td style=\"border: 1px solid black;\"><\/td>\n<td style=\"border: 1px solid black;\"><\/td>\n<\/tr>\n<tr id=\"\" align=\"center\">\n<td style=\"border: 1px solid black;\"><\/td>\n<td style=\"border: 1px solid black;\"><\/td>\n<td style=\"border: 1px solid black;\"><\/td>\n<td style=\"border: 1px solid black;\"><\/td>\n<td style=\"border: 1px solid black;\"><\/td>\n<\/tr>\n<tr id=\"\" align=\"center\">\n<td style=\"border: 1px solid black;\"><\/td>\n<td style=\"border: 1px solid black;\"><\/td>\n<td style=\"border: 1px solid black;\"><\/td>\n<td style=\"border: 1px solid black;\"><\/td>\n<td style=\"border: 1px solid black;\"><\/td>\n<\/tr>\n<tr id=\"wp-settings-\" align=\"center\">\n<td style=\"border: 1px solid black;\">wp-settings-<\/td>\n<td style=\"border: 1px solid black;\">Fonctionnalit\u00e9<\/td>\n<td style=\"border: 1px solid black;\">Utilis\u00e9 pour personnaliser l&rsquo;interface utilisateur.<\/td>\n<td style=\"border: 1px solid black;\">Propre<\/td>\n<td style=\"border: 1px solid black;\">1 an<\/td>\n<\/tr>\n<tr id=\"wp-settings-time-\" align=\"center\">\n<td style=\"border: 1px solid black;\">wp-settings-time-<\/td>\n<td style=\"border: 1px solid black;\">Fonctionnalit\u00e9<\/td>\n<td style=\"border: 1px solid black;\">Utilis\u00e9 pour personnaliser l&rsquo;interface utilisateur.<\/td>\n<td style=\"border: 1px solid black;\">Propre<\/td>\n<td style=\"border: 1px solid black;\">Fin de la session<\/td>\n<\/tr>\n<tr id=\"catAccCookies\" align=\"center\">\n<td style=\"border: 1px solid black;\">catAccCookies<\/td>\n<td style=\"border: 1px solid black;\">Fonctionnalit\u00e9<\/td>\n<td style=\"border: 1px solid black;\">Contient un code permettant de v\u00e9rifier que la politique en mati\u00e8re de cookies a \u00e9t\u00e9 accept\u00e9e.<\/td>\n<td style=\"border: 1px solid black;\">Propre<\/td>\n<td style=\"border: 1px solid black;\">1 jour<\/td>\n<\/tr>\n<tr id=\"wp-wpml_current_language\" align=\"center\">\n<td style=\"border: 1px solid black;\">wp-wpml_current_language<\/td>\n<td style=\"border: 1px solid black;\">Fonctionnalit\u00e9<\/td>\n<td style=\"border: 1px solid black;\">Nous ne connaissons pas l&rsquo;origine du cookie<\/td>\n<td style=\"border: 1px solid black;\">Tiers<\/td>\n<td style=\"border: 1px solid black;\"><\/td>\n<\/tr>\n<tr id=\"wp-wpml_current_admin_language_d41d8cd98f00b204e9800998ecf8427e\" align=\"center\">\n<td style=\"border: 1px solid black;\">wp-wpml_current_admin_language_d41d8cd98f00b204e9800998ecf8427e<\/td>\n<td style=\"border: 1px solid black;\">Fonctionnalit\u00e9<\/td>\n<td style=\"border: 1px solid black;\">Nous ne connaissons pas l&rsquo;origine du cookie<\/td>\n<td style=\"border: 1px solid black;\">Tiers<\/td>\n<td style=\"border: 1px solid black;\">Nous ne connaissons pas l&rsquo;origine du cookie<\/td>\n<\/tr>\n<tr id=\"cookieformulariosin\" align=\"center\">\n<td style=\"border: 1px solid black;\">cookieformulariosin<\/td>\n<td style=\"border: 1px solid black;\">Fonctionnalit\u00e9<\/td>\n<td style=\"border: 1px solid black;\">Nous ne connaissons pas l&rsquo;origine du cookie<\/td>\n<td style=\"border: 1px solid black;\">Tiers<\/td>\n<td style=\"border: 1px solid black;\">Nous ne connaissons pas l&rsquo;origine du cookie<\/td>\n<\/tr>\n<tr id=\"cookieweb\" align=\"center\">\n<td style=\"border: 1px solid black;\">cookieweb<\/td>\n<td style=\"border: 1px solid black;\">Fonctionnalit\u00e9<\/td>\n<td style=\"border: 1px solid black;\">Nous ne connaissons pas l&rsquo;origine du cookie<\/td>\n<td style=\"border: 1px solid black;\">Tiers<\/td>\n<td style=\"border: 1px solid black;\">Nous ne connaissons pas l&rsquo;origine du cookie<\/td>\n<\/tr>\n<\/tbody>\n<\/table>\n<\/div>\n<p>Nous pouvons mettre \u00e0 jour la politique en mati\u00e8re de cookies de notre site Web, aussi nous vous recommandons de la consulter chaque fois que vous acc\u00e9dez \u00e0 notre site Web afin d&rsquo;\u00eatre correctement inform\u00e9 de la mani\u00e8re dont nous utilisons les cookies et \u00e0 quelles fins.<\/p>\n<p>Si vous ne souhaitez pas que les cookies soient enregistr\u00e9s dans votre navigateur ou si vous pr\u00e9f\u00e9rez recevoir des informations chaque fois qu&rsquo;un cookie demande \u00e0 \u00eatre install\u00e9, vous pouvez configurer vos options de navigation en cons\u00e9quence. La plupart des navigateurs permettent de g\u00e9rer les cookies de 3 mani\u00e8res diff\u00e9rentes :<\/p>\n<p>Les cookies sont toujours rejet\u00e9s ;<br \/>\nLe navigateur demande \u00e0 l&rsquo;utilisateur s&rsquo;il souhaite installer chaque cookie ;<br \/>\nLes cookies sont toujours accept\u00e9s ;<\/p>\n<p>Votre navigateur peut \u00e9galement inclure la possibilit\u00e9 de s\u00e9lectionner en d\u00e9tail les cookies que vous souhaitez voir install\u00e9s sur votre ordinateur. En particulier, l&rsquo;utilisateur peut normalement accepter l&rsquo;une des options suivantes :<\/p>\n<p>Rejeter les cookies de certains domaines ;<br \/>\nRejeter les cookies de tiers ;<br \/>\nAcceptez les cookies comme non persistants (ils sont supprim\u00e9s lorsque le navigateur est ferm\u00e9) ;<br \/>\nAutoriser le serveur \u00e0 cr\u00e9er des cookies pour un domaine diff\u00e9rent.<\/p>\n<p>Pour autoriser, conna\u00eetre, bloquer ou supprimer les cookies install\u00e9s sur votre ordinateur, vous pouvez le faire en configurant les options du navigateur install\u00e9 sur votre ordinateur.<\/p>\n<p>Vous trouverez des informations sur la mani\u00e8re de configurer les navigateurs les plus couramment utilis\u00e9s aux endroits suivants :<\/p>\n<p>Internet Explorer : Outils -&gt; Options Internet -&gt; Confidentialit\u00e9 -&gt; Param\u00e8tres. Pour plus d&rsquo;informations, vous pouvez consulter le support Microsoft ou l&rsquo;aide du navigateur.<br \/>\nFirefox : Outils -&gt; Options -&gt; Confidentialit\u00e9 -&gt; Historique -&gt; Param\u00e8tres personnalis\u00e9s. Pour plus d&rsquo;informations, vous pouvez consulter l&rsquo;assistance Mozilla ou l&rsquo;aide du navigateur.<br \/>\nChrome : Param\u00e8tres -&gt; Afficher les options avanc\u00e9es -&gt; Confidentialit\u00e9 -&gt; Param\u00e8tres de contenu. Pour plus d&rsquo;informations, vous pouvez consulter le support Google ou l&rsquo;aide du navigateur.<br \/>\nSafari : Pr\u00e9f\u00e9rences -&gt; S\u00e9curit\u00e9. Pour plus d&rsquo;informations, vous pouvez consulter l&rsquo;assistance Apple ou l&rsquo;aide du navigateur.<\/p>\n<\/div>\n","protected":false},"excerpt":{"rendered":"<p>POLITIQUE DE COOKIES Sur le site web https:\/\/misteriodeobanos.org (ci-apr\u00e8s, le site web), nous utilisons des cookies pour faciliter la relation entre les visiteurs et notre contenu et pour nous permettre d&rsquo;\u00e9tablir des statistiques sur les visiteurs que nous recevons. Nous vous informons que nous pouvons utiliser des cookies afin de faciliter votre navigation sur le &hellip; <a href=\"https:\/\/misteriodeobanos.org\/fr\/politique-de-cookies\/\" class=\"more-link\">Continue reading <span class=\"screen-reader-text\">Politique de cookies<\/span><\/a><\/p>\n","protected":false},"author":1,"featured_media":0,"parent":0,"menu_order":0,"comment_status":"closed","ping_status":"closed","template":"","meta":{"rs_blank_template":"","rs_page_bg_color":"","slide_template_v7":"","_monsterinsights_skip_tracking":false,"_monsterinsights_sitenote_active":false,"_monsterinsights_sitenote_note":"","_monsterinsights_sitenote_category":0,"footnotes":""},"class_list":["post-2646","page","type-page","status-publish","hentry"],"_links":{"self":[{"href":"https:\/\/misteriodeobanos.org\/fr\/wp-json\/wp\/v2\/pages\/2646","targetHints":{"allow":["GET"]}}],"collection":[{"href":"https:\/\/misteriodeobanos.org\/fr\/wp-json\/wp\/v2\/pages"}],"about":[{"href":"https:\/\/misteriodeobanos.org\/fr\/wp-json\/wp\/v2\/types\/page"}],"author":[{"embeddable":true,"href":"https:\/\/misteriodeobanos.org\/fr\/wp-json\/wp\/v2\/users\/1"}],"replies":[{"embeddable":true,"href":"https:\/\/misteriodeobanos.org\/fr\/wp-json\/wp\/v2\/comments?post=2646"}],"version-history":[{"count":2,"href":"https:\/\/misteriodeobanos.org\/fr\/wp-json\/wp\/v2\/pages\/2646\/revisions"}],"predecessor-version":[{"id":2654,"href":"https:\/\/misteriodeobanos.org\/fr\/wp-json\/wp\/v2\/pages\/2646\/revisions\/2654"}],"wp:attachment":[{"href":"https:\/\/misteriodeobanos.org\/fr\/wp-json\/wp\/v2\/media?parent=2646"}],"curies":[{"name":"wp","href":"https:\/\/api.w.org\/{rel}","templated":true}]}}