{"id":2638,"date":"2022-06-10T15:09:32","date_gmt":"2022-06-10T15:09:32","guid":{"rendered":"https:\/\/misteriodeobanos.org\/politica-de-privacidad\/"},"modified":"2022-06-11T08:16:32","modified_gmt":"2022-06-11T08:16:32","slug":"politique-de-confidentialite","status":"publish","type":"page","link":"https:\/\/misteriodeobanos.org\/fr\/politique-de-confidentialite\/","title":{"rendered":"Politique de confidentialit\u00e9"},"content":{"rendered":"<div id=\"clickdatos\">\n<h2><strong>POLITIQUE DE CONFIDENTIALIT\u00c9 ET DE PROTECTION DES DONN\u00c9ES<\/strong><\/h2>\n<p>Conform\u00e9ment au r\u00e8glement (UE) 2016\/679 du Parlement europ\u00e9en et du Conseil du 27 avril 2016 relatif \u00e0 la protection des personnes physiques \u00e0 l&rsquo;\u00e9gard du traitement des donn\u00e9es \u00e0 caract\u00e8re personnel, abrogeant la directive 95\/46\/CE (ci-apr\u00e8s, RGPD), la loi 34\/2002 du 11 juillet, relative aux services de la soci\u00e9t\u00e9 de l&rsquo;information et au commerce \u00e9lectronique (ci-apr\u00e8s, LSSI-CE) et la loi organique 3\/2018, sur la protection des donn\u00e9es personnelles et la garantie des droits num\u00e9riques (ci-apr\u00e8s, LOPDGDD), la Fundaci\u00f3n Misterio de Obanos garantit la protection et la confidentialit\u00e9 des donn\u00e9es personnelles de toute nature fournies par nos clients, conform\u00e9ment aux dispositions du r\u00e8glement g\u00e9n\u00e9ral sur la protection des donn\u00e9es personnelles.<\/p>\n<p>Les donn\u00e9es fournies seront trait\u00e9es conform\u00e9ment aux termes \u00e9tablis dans le RGPD, en ce sens Fundaci\u00f3n Misterio de Obanos a adopt\u00e9 les niveaux de protection l\u00e9galement requis, et a install\u00e9 toutes les mesures techniques \u00e0 sa port\u00e9e pour \u00e9viter la perte, la mauvaise utilisation, l&rsquo;alt\u00e9ration, l&rsquo;acc\u00e8s non autoris\u00e9 par des tiers, comme indiqu\u00e9 ci-dessous. Toutefois, l&rsquo;utilisateur doit \u00eatre conscient que les mesures de s\u00e9curit\u00e9 sur Internet ne sont pas inexpugnables.<\/p>\n<p>Responsable du traitement des donn\u00e9es<br \/>\nNom : Fundaci\u00f3n Misterio de Obanos<br \/>\nNUM\u00c9RO D&rsquo;IDENTIFICATION FISCALE : G31450851<br \/>\nAdresse : Plaza de los Fueros 1, 31151 Obanos (Navarra)<br \/>\nCourriel : contacto@misteriodeobanos.net<\/p>\n<p>Objectif du traitement<br \/>\nToutes les donn\u00e9es fournies par nos clients et\/ou visiteurs du site web de la Fundaci\u00f3n Misterio de Obanos ou de son personnel, seront incluses dans le registre des activit\u00e9s de traitement des donn\u00e9es personnelles, cr\u00e9\u00e9 et maintenu sous la responsabilit\u00e9 de la Fundaci\u00f3n Misterio de Obanos, indispensable pour fournir les services demand\u00e9s par les utilisateurs, ou pour r\u00e9soudre les doutes ou les questions soulev\u00e9es par nos visiteurs. Notre politique est de ne pas cr\u00e9er de profils des utilisateurs de nos services.<\/p>\n<p>L\u00e9gitimit\u00e9 du traitement<\/p>\n<p>Relation contractuelle : il s&rsquo;agit de celle qui s&rsquo;applique lorsque vous achetez l&rsquo;un de nos produits ou souscrivez l&rsquo;un de nos services.<br \/>\nInt\u00e9r\u00eat l\u00e9gitime : pour traiter les demandes et les plaintes que vous nous adressez et pour g\u00e9rer le recouvrement des sommes dues.<br \/>\nVotre consentement : Si vous \u00eates un utilisateur de notre site web, en cochant la case du formulaire de contact, vous nous autorisez \u00e0 vous envoyer les communications n\u00e9cessaires pour r\u00e9pondre \u00e0 votre requ\u00eate ou demande d&rsquo;information.<\/p>\n<p>B\u00e9n\u00e9ficiaires<br \/>\nNous ne transmettons vos donn\u00e9es personnelles \u00e0 personne, \u00e0 l&rsquo;exception des entit\u00e9s publiques ou priv\u00e9es auxquelles nous sommes oblig\u00e9s de fournir vos donn\u00e9es personnelles pour nous conformer \u00e0 la loi. Par exemple, la loi fiscale nous oblige \u00e0 fournir \u00e0 l&rsquo;Agence fiscale certaines informations sur les transactions financi\u00e8res d\u00e9passant un certain montant.<\/p>\n<p>Dans le cas o\u00f9, en dehors des cas susmentionn\u00e9s, nous devrions divulguer vos informations personnelles \u00e0 d&rsquo;autres entit\u00e9s, nous vous demanderons votre autorisation pr\u00e9alable par le biais d&rsquo;options claires qui vous permettront de d\u00e9cider \u00e0 cet \u00e9gard.<\/p>\n<p>Communication<br \/>\nNous n&rsquo;effectuerons pas de transferts internationaux de vos donn\u00e9es personnelles pour l&rsquo;une des raisons susmentionn\u00e9es.<\/p>\n<p>R\u00e9tention<br \/>\nNous ne conserverons vos donn\u00e9es personnelles que le temps n\u00e9cessaire \u00e0 la r\u00e9alisation des objectifs pour lesquels elles ont \u00e9t\u00e9 collect\u00e9es. Pour d\u00e9terminer la p\u00e9riode de conservation appropri\u00e9e, nous prenons en compte les risques li\u00e9s au traitement, ainsi que nos obligations contractuelles, l\u00e9gales et r\u00e9glementaires, nos politiques internes de conservation des donn\u00e9es et nos int\u00e9r\u00eats commerciaux l\u00e9gitimes, tels que d\u00e9crits dans le pr\u00e9sent avis de confidentialit\u00e9 et la politique en mati\u00e8re de cookies.<\/p>\n<p>En ce sens, la Fundaci\u00f3n Misterio de Obanos conservera les donn\u00e9es personnelles une fois sa relation avec vous termin\u00e9e, d\u00fbment bloqu\u00e9es, pendant la p\u00e9riode de prescription des actions pouvant d\u00e9couler de la relation maintenue avec l&rsquo;int\u00e9ress\u00e9.<\/p>\n<p>Une fois bloqu\u00e9es, vos donn\u00e9es seront inaccessibles \u00e0 la Fundaci\u00f3n Misterio de Obanos et ne seront pas trait\u00e9es, sauf pour les mettre \u00e0 la disposition des administrations publiques, des juges et des tribunaux, pour l&rsquo;attention des \u00e9ventuelles responsabilit\u00e9s d\u00e9coulant du traitement, ainsi que pour l&rsquo;exercice et la d\u00e9fense des r\u00e9clamations devant l&rsquo;Agence espagnole de protection des donn\u00e9es.<\/p>\n<p>S\u00e9curit\u00e9<br \/>\nNous d\u00e9ployons tous les efforts raisonnables pour pr\u00e9server la confidentialit\u00e9 des informations personnelles trait\u00e9es dans nos syst\u00e8mes. Nous maintenons des niveaux de s\u00e9curit\u00e9 stricts pour prot\u00e9ger les donn\u00e9es personnelles que nous traitons contre la perte accidentelle et contre l&rsquo;acc\u00e8s, le traitement ou la divulgation non autoris\u00e9s, en tenant compte de l&rsquo;\u00e9tat de la technologie, de la nature et des risques auxquels les donn\u00e9es sont expos\u00e9es. Toutefois, nous ne pouvons \u00eatre tenus responsables de l&rsquo;utilisation que vous faites de ces donn\u00e9es (y compris votre nom d&rsquo;utilisateur et votre mot de passe).<\/p>\n<\/div>\n","protected":false},"excerpt":{"rendered":"<p>POLITIQUE DE CONFIDENTIALIT\u00c9 ET DE PROTECTION DES DONN\u00c9ES Conform\u00e9ment au r\u00e8glement (UE) 2016\/679 du Parlement europ\u00e9en et du Conseil du 27 avril 2016 relatif \u00e0 la protection des personnes physiques \u00e0 l&rsquo;\u00e9gard du traitement des donn\u00e9es \u00e0 caract\u00e8re personnel, abrogeant la directive 95\/46\/CE (ci-apr\u00e8s, RGPD), la loi 34\/2002 du 11 juillet, relative aux services de &hellip; <a href=\"https:\/\/misteriodeobanos.org\/fr\/politique-de-confidentialite\/\" class=\"more-link\">Continue reading <span class=\"screen-reader-text\">Politique de confidentialit\u00e9<\/span><\/a><\/p>\n","protected":false},"author":1,"featured_media":0,"parent":0,"menu_order":0,"comment_status":"closed","ping_status":"closed","template":"","meta":{"rs_blank_template":"","rs_page_bg_color":"","slide_template_v7":"","_monsterinsights_skip_tracking":false,"_monsterinsights_sitenote_active":false,"_monsterinsights_sitenote_note":"","_monsterinsights_sitenote_category":0,"footnotes":""},"class_list":["post-2638","page","type-page","status-publish","hentry"],"_links":{"self":[{"href":"https:\/\/misteriodeobanos.org\/fr\/wp-json\/wp\/v2\/pages\/2638","targetHints":{"allow":["GET"]}}],"collection":[{"href":"https:\/\/misteriodeobanos.org\/fr\/wp-json\/wp\/v2\/pages"}],"about":[{"href":"https:\/\/misteriodeobanos.org\/fr\/wp-json\/wp\/v2\/types\/page"}],"author":[{"embeddable":true,"href":"https:\/\/misteriodeobanos.org\/fr\/wp-json\/wp\/v2\/users\/1"}],"replies":[{"embeddable":true,"href":"https:\/\/misteriodeobanos.org\/fr\/wp-json\/wp\/v2\/comments?post=2638"}],"version-history":[{"count":1,"href":"https:\/\/misteriodeobanos.org\/fr\/wp-json\/wp\/v2\/pages\/2638\/revisions"}],"predecessor-version":[{"id":2643,"href":"https:\/\/misteriodeobanos.org\/fr\/wp-json\/wp\/v2\/pages\/2638\/revisions\/2643"}],"wp:attachment":[{"href":"https:\/\/misteriodeobanos.org\/fr\/wp-json\/wp\/v2\/media?parent=2638"}],"curies":[{"name":"wp","href":"https:\/\/api.w.org\/{rel}","templated":true}]}}