{"id":2629,"date":"2022-06-10T15:06:43","date_gmt":"2022-06-10T15:06:43","guid":{"rendered":"https:\/\/misteriodeobanos.org\/avisos-legales\/"},"modified":"2022-06-11T08:02:11","modified_gmt":"2022-06-11T08:02:11","slug":"avis-juridiques","status":"publish","type":"page","link":"https:\/\/misteriodeobanos.org\/fr\/avis-juridiques\/","title":{"rendered":"Avis juridiques"},"content":{"rendered":"<p>&nbsp;<\/p>\n<div id=\"clickdatos\">\n<p>Dans le pr\u00e9sent avis juridique, l&rsquo;utilisateur peut trouver toutes les informations relatives aux conditions l\u00e9gales qui d\u00e9finissent la relation entre les utilisateurs et le responsable du site web accessible \u00e0 l&rsquo;adresse URL https:\/\/misteriodeobanos.org (ci-apr\u00e8s, le site web), que Fundaci\u00f3n Misterio de Obanos met \u00e0 la disposition des utilisateurs d&rsquo;Internet.<br \/>\nL&rsquo;utilisation du site web implique l&rsquo;acceptation pleine et enti\u00e8re de toutes et chacune des dispositions incluses dans le pr\u00e9sent avis juridique. Par cons\u00e9quent, l&rsquo;utilisateur du site web doit lire attentivement cet avis juridique chaque fois qu&rsquo;il a l&rsquo;intention d&rsquo;utiliser le site web, car le texte peut \u00eatre modifi\u00e9 \u00e0 la discr\u00e9tion du propri\u00e9taire du site web, ou \u00e0 la suite d&rsquo;un changement dans la l\u00e9gislation, la jurisprudence ou la pratique commerciale.<\/p>\n<h2>1.- LES COORDONN\u00c9ES DE LA PERSONNE RESPONSABLE DU SITE WEB.<\/h2>\n<p>Nom du propri\u00e9taire : Presidente de la fundaci\u00f3n : Juan Manuel<br \/>\nSi\u00e8ge social : Plaza de los Fueros 1<br \/>\nNUM\u00c9RO D&rsquo;IDENTIFICATION FISCALE : G31450851<br \/>\nCourriel : contacto@misteriodeobanos.net<\/p>\n<p>Le pr\u00e9sident de la fondation est responsable du site Web et s&rsquo;engage \u00e0 respecter toutes les exigences nationales et europ\u00e9ennes r\u00e9gissant l&rsquo;utilisation des donn\u00e9es personnelles des utilisateurs.<\/p>\n<p>Ce Site Internet garantit la protection et la confidentialit\u00e9 des donn\u00e9es personnelles qui nous sont fournies conform\u00e9ment aux dispositions du R\u00e8glement g\u00e9n\u00e9ral sur la protection des donn\u00e9es personnelles (UE) 2016\/679 du Parlement europ\u00e9en et du Conseil, du 27 avril 2016, dans la Loi organique 3\/2018, sur la protection des donn\u00e9es personnelles et la garantie des droits num\u00e9riques, ainsi que dans la Loi sur les services de la soci\u00e9t\u00e9 de l&rsquo;information et le commerce \u00e9lectronique 34\/2002 du 11 juillet (LSSI-CE).<\/p>\n<h2>2.- OBJET.<\/h2>\n<p>Le site web permet aux utilisateurs d&rsquo;acc\u00e9der aux informations et aux services fournis par la Fundaci\u00f3n Misterio de Obanos aux personnes ou organisations int\u00e9ress\u00e9es.<\/p>\n<p>L&rsquo;acc\u00e8s et l&rsquo;utilisation du site Web conf\u00e8rent la condition d&rsquo;utilisateur du site Web (ci-apr\u00e8s, l'\u00a0\u00bbutilisateur\u00a0\u00bb) et impliquent l&rsquo;acceptation de toutes les conditions incluses dans le pr\u00e9sent avis juridique ainsi que de ses modifications. La fourniture du service du site web est limit\u00e9e au moment o\u00f9 l&rsquo;utilisateur est connect\u00e9 au site web ou \u00e0 l&rsquo;un des services fournis par ce dernier. Par cons\u00e9quent, l&rsquo;utilisateur doit lire attentivement le pr\u00e9sent avis juridique chaque fois qu&rsquo;il a l&rsquo;intention d&rsquo;utiliser le site Web, car le site Web et ses conditions d&rsquo;utilisation \u00e9nonc\u00e9es dans le pr\u00e9sent avis juridique peuvent subir des modifications.<\/p>\n<h2>3.- ACC\u00c8S ET UTILISATION DU SITE WEB.<\/h2>\n<p>3.1.- Libre acc\u00e8s et utilisation du site web. L&rsquo;acc\u00e8s au site est gratuit pour ses utilisateurs, \u00e0 l&rsquo;exception du co\u00fbt de la connexion \u00e0 travers le r\u00e9seau de t\u00e9l\u00e9communications fourni par le fournisseur d&rsquo;acc\u00e8s contract\u00e9 par les utilisateurs.<br \/>\n3.2.- Enregistrement des utilisateurs. En g\u00e9n\u00e9ral, l&rsquo;acc\u00e8s au site et son utilisation ne n\u00e9cessitent pas d&rsquo;abonnement ou d&rsquo;enregistrement pr\u00e9alable de la part des utilisateurs.<br \/>\n3.3.- L&rsquo;utilisateur garantit et est responsable, dans tous les cas, de l&rsquo;exactitude, de la validit\u00e9 et de l&rsquo;authenticit\u00e9 des donn\u00e9es personnelles fournies, et s&rsquo;engage \u00e0 les maintenir d\u00fbment mises \u00e0 jour. L&rsquo;utilisateur s&rsquo;engage \u00e0 fournir des informations compl\u00e8tes et correctes dans le formulaire de contact ou d&rsquo;abonnement.<\/p>\n<p>En aucun cas, les donn\u00e9es relatives \u00e0 la situation professionnelle, \u00e9conomique ou \u00e0 la vie priv\u00e9e des autres membres de la famille ne seront collect\u00e9es aupr\u00e8s des mineurs sans leur consentement. Si vous avez moins de treize ans et que vous avez acc\u00e9d\u00e9 \u00e0 ce site web sans en avertir vos parents, vous ne devez pas vous inscrire en tant qu&rsquo;utilisateur.<\/p>\n<p>Ce site respecte et prend soin des donn\u00e9es personnelles de ses utilisateurs. En tant qu&rsquo;utilisateur, vous devez savoir que vos droits sont garantis.<\/p>\n<h2>4.- CONTENU DU SITE WEB.<\/h2>\n<p>Les langues utilis\u00e9es par le propri\u00e9taire sur le site web sont l&rsquo;espagnol, le basque, l&rsquo;anglais et le fran\u00e7ais. La Fundaci\u00f3n Misterio de Obanos n&rsquo;est pas responsable de la non-compr\u00e9hension ou de l&rsquo;incompr\u00e9hension des langues du site par l&rsquo;utilisateur, ni de ses cons\u00e9quences.<br \/>\nLa Fundaci\u00f3n Misterio de Obanos peut modifier les contenus sans pr\u00e9avis, ainsi que les supprimer et les changer \u00e0 l&rsquo;int\u00e9rieur du site web, ainsi que la mani\u00e8re d&rsquo;y acc\u00e9der, sans aucune justification et librement, et ne sera pas tenue responsable des cons\u00e9quences que cela peut avoir pour les utilisateurs.<br \/>\nIl est interdit d&rsquo;utiliser les contenus du site web pour promouvoir, contracter ou diffuser de la publicit\u00e9 ou des informations propres ou de tiers sans l&rsquo;autorisation de la Fundaci\u00f3n Misterio de Obanos, ni d&rsquo;envoyer de la publicit\u00e9 ou des informations en utilisant les services ou les informations mis \u00e0 la disposition des utilisateurs, que l&rsquo;utilisation soit gratuite ou non.<br \/>\nLes liens ou hyperliens incorpor\u00e9s par des tiers sur leurs pages web, dirig\u00e9s vers ce site web, seront destin\u00e9s \u00e0 l&rsquo;ouverture de la page web compl\u00e8te, et ne pourront manifester, directement ou indirectement, des indications fausses, inexactes ou pr\u00eatant \u00e0 confusion, ni donner lieu \u00e0 des actions d\u00e9loyales ou ill\u00e9gales \u00e0 l&rsquo;encontre de la Fundaci\u00f3n Misterio de Obanos.<\/p>\n<h2>5.- LES MESURES DE S\u00c9CURIT\u00c9.<\/h2>\n<p>Les donn\u00e9es personnelles communiqu\u00e9es par l&rsquo;utilisateur pourront \u00eatre stock\u00e9es dans des bases de donn\u00e9es automatis\u00e9es ou non, dont la propri\u00e9t\u00e9 correspond exclusivement \u00e0 la Fundaci\u00f3n Misterio de Obanos, en assumant toutes les mesures techniques, organisationnelles et de s\u00e9curit\u00e9 qui garantissent la confidentialit\u00e9, l&rsquo;int\u00e9grit\u00e9 et la qualit\u00e9 de l&rsquo;information contenue dans celles-ci, conform\u00e9ment aux dispositions de la r\u00e9glementation en vigueur sur la protection des donn\u00e9es personnelles.<\/p>\n<h2>6.- LIMITATION DE LA RESPONSABILIT\u00c9.<\/h2>\n<p>Tant l&rsquo;acc\u00e8s au site que l&rsquo;utilisation non consensuelle qui pourrait \u00eatre faite des informations qu&rsquo;il contient rel\u00e8vent de la seule responsabilit\u00e9 de l&rsquo;utilisateur. La Fundaci\u00f3n Misterio de Obanos ne sera pas responsable des cons\u00e9quences ou des dommages qui pourraient r\u00e9sulter de cet acc\u00e8s ou de cette utilisation. La Fundaci\u00f3n Misterio de Obanos n&rsquo;est pas responsable des erreurs de s\u00e9curit\u00e9 qui peuvent se produire ou des dommages qui peuvent \u00eatre caus\u00e9s au syst\u00e8me informatique de l&rsquo;utilisateur (mat\u00e9riel et logiciel), ou aux fichiers ou documents qui y sont stock\u00e9s, en raison de :<br \/>\n&#8211; la pr\u00e9sence d&rsquo;un virus dans l&rsquo;ordinateur de l&rsquo;utilisateur utilis\u00e9 pour se connecter aux services et contenus du site web.<br \/>\n&#8211; un dysfonctionnement du navigateur.<br \/>\n&#8211; et\/ou l&rsquo;utilisation de versions non mises \u00e0 jour de ces derniers.<br \/>\nLa Fundaci\u00f3n Misterio de Obanos n&rsquo;est pas responsable de la fiabilit\u00e9 et de la rapidit\u00e9 des hyperliens qui sont incorpor\u00e9s dans la toile pour l&rsquo;ouverture d&rsquo;autres personnes. La Fundaci\u00f3n Misterio de Obanos ne garantit pas l&rsquo;utilit\u00e9 de ces liens, et n&rsquo;est pas responsable du contenu ou des services auxquels l&rsquo;utilisateur peut acc\u00e9der par le biais de ces liens, ni du bon fonctionnement de ces sites web.<br \/>\nLa Fundaci\u00f3n Misterio de Obanos ne sera pas responsable des virus ou autres programmes informatiques qui endommagent ou peuvent endommager les syst\u00e8mes ou \u00e9quipements informatiques des utilisateurs lors de l&rsquo;acc\u00e8s \u00e0 son site web ou \u00e0 d&rsquo;autres sites web accessibles par des liens sur ce site web.<\/p>\n<h2>7.- UTILISATION DE LA TECHNOLOGIE DES \u00ab\u00a0COOKIES\u00a0\u00bb.<\/h2>\n<p>Le site Web peut utiliser des cookies ou des technologies similaires qui seront r\u00e9gis par les dispositions de la politique relative aux cookies, accessible \u00e0 tout moment et respectant la confidentialit\u00e9 et la vie priv\u00e9e de l&rsquo;utilisateur, faisant partie int\u00e9grante du pr\u00e9sent avis juridique.<\/p>\n<h2>8.- LA NAVIGATION.<\/h2>\n<p>Les serveurs Internet peuvent recueillir des donn\u00e9es non identifiables, qui peuvent inclure des adresses IP et d&rsquo;autres donn\u00e9es qui ne peuvent pas \u00eatre utilis\u00e9es pour vous identifier. Votre adresse IP sera stock\u00e9e dans les journaux d&rsquo;acc\u00e8s de mani\u00e8re automatique et dans le seul but de permettre le transit sur l&rsquo;Internet. Il est n\u00e9cessaire que votre ordinateur fournisse cette adresse IP lorsque vous naviguez sur l&rsquo;Internet afin que les communications puissent \u00eatre effectu\u00e9es. De m\u00eame, l&rsquo;adresse IP peut \u00eatre utilis\u00e9e pour \u00e9tablir des statistiques, de mani\u00e8re anonyme, sur le nombre de visiteurs de ce site web et leur origine, de mani\u00e8re totalement transparente pour votre navigation.<\/p>\n<h2>9.- PROPRI\u00c9T\u00c9 INTELLECTUELLE ET INDUSTRIELLE<\/h2>\n<p>L&rsquo;utilisateur sait et accepte que tous les contenus et\/ou tout autre \u00e9l\u00e9ment du site web sont la propri\u00e9t\u00e9 de la Fundaci\u00f3n Misterio de Obanos, et s&rsquo;engage \u00e0 respecter les droits de propri\u00e9t\u00e9 intellectuelle et industrielle appartenant \u00e0 la Fundaci\u00f3n Misterio de Obanos. Toute utilisation du site ou de son contenu doit \u00eatre exclusivement priv\u00e9e.<br \/>\nToute autre utilisation impliquant la copie, la reproduction, la distribution, la transformation, la communication publique ou toute autre action similaire de tout ou partie du contenu du site web est r\u00e9serv\u00e9e exclusivement \u00e0 la Fundaci\u00f3n Misterio de Obanos, et par cons\u00e9quent, aucun utilisateur ne pourra r\u00e9aliser ces actions sans l&rsquo;autorisation pr\u00e9alable et \u00e9crite de la Fundaci\u00f3n Misterio de Obanos.<\/p>\n<h2>10.- LOI APPLICABLE ET JURIDICTION COMP\u00c9TENTE<\/h2>\n<p>Le pr\u00e9sent avis juridique sera interpr\u00e9t\u00e9 et r\u00e9gi conform\u00e9ment \u00e0 la l\u00e9gislation espagnole. La Fundaci\u00f3n Misterio de Obanos et les utilisateurs, renon\u00e7ant express\u00e9ment \u00e0 toute autre juridiction qui pourrait leur correspondre, se soumettent aux cours et tribunaux du domicile de l&rsquo;utilisateur pour tout litige pouvant d\u00e9couler de l&rsquo;acc\u00e8s ou de l&rsquo;utilisation du site web. Dans le cas o\u00f9 l&rsquo;utilisateur serait domicili\u00e9 hors d&rsquo;Espagne, la Fundaci\u00f3n Misterio de Obanos et l&rsquo;utilisateur, renon\u00e7ant express\u00e9ment \u00e0 toute autre juridiction, se soumettent aux cours et tribunaux du domicile d&rsquo;Obanos.<\/p>\n<\/div>\n","protected":false},"excerpt":{"rendered":"<p>&nbsp; Dans le pr\u00e9sent avis juridique, l&rsquo;utilisateur peut trouver toutes les informations relatives aux conditions l\u00e9gales qui d\u00e9finissent la relation entre les utilisateurs et le responsable du site web accessible \u00e0 l&rsquo;adresse URL https:\/\/misteriodeobanos.org (ci-apr\u00e8s, le site web), que Fundaci\u00f3n Misterio de Obanos met \u00e0 la disposition des utilisateurs d&rsquo;Internet. L&rsquo;utilisation du site web implique &hellip; <a href=\"https:\/\/misteriodeobanos.org\/fr\/avis-juridiques\/\" class=\"more-link\">Continue reading <span class=\"screen-reader-text\">Avis juridiques<\/span><\/a><\/p>\n","protected":false},"author":1,"featured_media":0,"parent":0,"menu_order":0,"comment_status":"closed","ping_status":"closed","template":"","meta":{"rs_blank_template":"","rs_page_bg_color":"","slide_template_v7":"","_monsterinsights_skip_tracking":false,"_monsterinsights_sitenote_active":false,"_monsterinsights_sitenote_note":"","_monsterinsights_sitenote_category":0,"footnotes":""},"class_list":["post-2629","page","type-page","status-publish","hentry"],"_links":{"self":[{"href":"https:\/\/misteriodeobanos.org\/fr\/wp-json\/wp\/v2\/pages\/2629","targetHints":{"allow":["GET"]}}],"collection":[{"href":"https:\/\/misteriodeobanos.org\/fr\/wp-json\/wp\/v2\/pages"}],"about":[{"href":"https:\/\/misteriodeobanos.org\/fr\/wp-json\/wp\/v2\/types\/page"}],"author":[{"embeddable":true,"href":"https:\/\/misteriodeobanos.org\/fr\/wp-json\/wp\/v2\/users\/1"}],"replies":[{"embeddable":true,"href":"https:\/\/misteriodeobanos.org\/fr\/wp-json\/wp\/v2\/comments?post=2629"}],"version-history":[{"count":1,"href":"https:\/\/misteriodeobanos.org\/fr\/wp-json\/wp\/v2\/pages\/2629\/revisions"}],"predecessor-version":[{"id":2633,"href":"https:\/\/misteriodeobanos.org\/fr\/wp-json\/wp\/v2\/pages\/2629\/revisions\/2633"}],"wp:attachment":[{"href":"https:\/\/misteriodeobanos.org\/fr\/wp-json\/wp\/v2\/media?parent=2629"}],"curies":[{"name":"wp","href":"https:\/\/api.w.org\/{rel}","templated":true}]}}